{"id":39,"date":"2020-06-13T00:30:15","date_gmt":"2020-06-13T00:30:15","guid":{"rendered":"https:\/\/old4.commonsupport.com\/callix\/?page_id=39"},"modified":"2024-09-07T02:38:27","modified_gmt":"2024-09-06T23:38:27","slug":"portfolio","status":"publish","type":"page","link":"https:\/\/atropena.com\/mtfotografajansi\/portfolio\/","title":{"rendered":"Portfolio"},"content":{"rendered":"\t\t<div data-elementor-type=\"wp-page\" data-elementor-id=\"39\" class=\"elementor elementor-39\">\n\t\t\t\t<div class=\"elementor-element elementor-element-0788a0c e-con-full e-flex e-con e-parent\" data-id=\"0788a0c\" data-element_type=\"container\">\n\t\t<div class=\"elementor-element elementor-element-e3e86c7 e-grid e-con-boxed e-con e-child\" data-id=\"e3e86c7\" data-element_type=\"container\">\n\t\t\t\t\t<div class=\"e-con-inner\">\n\t\t\t\t<div class=\"elementor-element elementor-element-5c65aec elementor-widget elementor-widget-pixi-adv-gallery-4\" data-id=\"5c65aec\" data-element_type=\"widget\" data-widget_type=\"pixi-adv-gallery-4.default\">\n\t\t\t\t<div class=\"elementor-widget-container\">\n\t\t\t\t\n\t\t<div class=\"pixi-inner-item hover-style-4\">\n\t\t\t<div class=\"inner-image mb-0\">\n\t\t\t\t<img decoding=\"async\" src=\"https:\/\/atropena.com\/mtfotografajansi\/wp-content\/uploads\/2024\/09\/Saat-Fotograf-Cekimi.jpg\" alt=\" Saat Foto\u011fraf \u00c7ekimi\" class=\"img-fluid\">\n\t\t\t<\/div>\n\t\t\t<div class=\"inner-content pt-3\">\n\t\t\t\t<h3> \n\t\t\t\t\t\t\t\t\t\t\t<a class=\"btn-icon\" target=\"_blank\" href=\"https:\/\/atropena.com\/mtfotografajansi\/portfolio\/saat-fotograf-cekimi\">\n\t\t\t\t\t\t\t\t\t\t\t Saat Foto\u011fraf \u00c7ekimi\t\t\t\t\t<\/a>\n\t\t\t\t<\/h3>\n\t\t\t\t<p>MT FOTO\u011eRAF AJANSI<\/p>\n\t\t\t<\/div>\n\t\t<\/div>\n\t\n\n\n\t\t\t\t<\/div>\n\t\t\t\t<\/div>\n\t\t\t\t<div class=\"elementor-element elementor-element-3818cd0 elementor-widget elementor-widget-pixi-adv-gallery-4\" data-id=\"3818cd0\" data-element_type=\"widget\" data-widget_type=\"pixi-adv-gallery-4.default\">\n\t\t\t\t<div class=\"elementor-widget-container\">\n\t\t\t\t\n\t\t<div class=\"pixi-inner-item hover-style-4\">\n\t\t\t<div class=\"inner-image mb-0\">\n\t\t\t\t<img decoding=\"async\" src=\"https:\/\/atropena.com\/mtfotografajansi\/wp-content\/uploads\/2024\/09\/Gozluk-Fotograf-Cekimi.jpg\" alt=\"G\u00f6zl\u00fck Foto\u011fraf \u00c7ekimi\" class=\"img-fluid\">\n\t\t\t<\/div>\n\t\t\t<div class=\"inner-content pt-3\">\n\t\t\t\t<h3> \n\t\t\t\t\t\t\t\t\t\t\t<a class=\"btn-icon\" target=\"_blank\" href=\"https:\/\/atropena.com\/mtfotografajansi\/portfolio\/gozluk-fotograf-cekimi\/\">\n\t\t\t\t\t\t\t\t\t\t\tG\u00f6zl\u00fck Foto\u011fraf \u00c7ekimi\t\t\t\t\t<\/a>\n\t\t\t\t<\/h3>\n\t\t\t\t<p>MT FOTO\u011eRAF AJANSI<\/p>\n\t\t\t<\/div>\n\t\t<\/div>\n\t\n\n\n\t\t\t\t<\/div>\n\t\t\t\t<\/div>\n\t\t\t\t<div class=\"elementor-element elementor-element-ed6e6b1 elementor-widget elementor-widget-pixi-adv-gallery-4\" data-id=\"ed6e6b1\" data-element_type=\"widget\" data-widget_type=\"pixi-adv-gallery-4.default\">\n\t\t\t\t<div class=\"elementor-widget-container\">\n\t\t\t\t\n\t\t<div class=\"pixi-inner-item hover-style-4\">\n\t\t\t<div class=\"inner-image mb-0\">\n\t\t\t\t<img decoding=\"async\" src=\"https:\/\/atropena.com\/mtfotografajansi\/wp-content\/uploads\/2024\/09\/Kozmetik-Ve-Kuafor-Urunleri-Fotograf-Cekimi.jpg\" alt=\"Kozmetik Ve Kuaf\u00f6r \u00dcr\u00fcnleri Foto\u011fraf \u00c7ekimi\" class=\"img-fluid\">\n\t\t\t<\/div>\n\t\t\t<div class=\"inner-content pt-3\">\n\t\t\t\t<h3> \n\t\t\t\t\t\t\t\t\t\t\t<a class=\"btn-icon\" target=\"_blank\" href=\"https:\/\/atropena.com\/mtfotografajansi\/portfolio\/kozmetik-ve-kuafor-urunleri-fotograf-cekimi\/\">\n\t\t\t\t\t\t\t\t\t\t\tKozmetik Ve Kuaf\u00f6r \u00dcr\u00fcnleri Foto\u011fraf \u00c7ekimi\t\t\t\t\t<\/a>\n\t\t\t\t<\/h3>\n\t\t\t\t<p>MT FOTO\u011eRAF AJANSI<\/p>\n\t\t\t<\/div>\n\t\t<\/div>\n\t\n\n\n\t\t\t\t<\/div>\n\t\t\t\t<\/div>\n\t\t\t\t<div class=\"elementor-element elementor-element-ce6bcc3 elementor-widget elementor-widget-pixi-adv-gallery-4\" data-id=\"ce6bcc3\" data-element_type=\"widget\" data-widget_type=\"pixi-adv-gallery-4.default\">\n\t\t\t\t<div class=\"elementor-widget-container\">\n\t\t\t\t\n\t\t<div class=\"pixi-inner-item hover-style-4\">\n\t\t\t<div class=\"inner-image mb-0\">\n\t\t\t\t<img decoding=\"async\" src=\"https:\/\/atropena.com\/mtfotografajansi\/wp-content\/uploads\/2024\/09\/Altin-Fotograf-Cekimi.jpg\" alt=\"Alt\u0131n Foto\u011fraf \u00c7ekimi\" class=\"img-fluid\">\n\t\t\t<\/div>\n\t\t\t<div class=\"inner-content pt-3\">\n\t\t\t\t<h3> \n\t\t\t\t\t\t\t\t\t\t\t<a class=\"btn-icon\" target=\"_blank\" href=\"https:\/\/atropena.com\/mtfotografajansi\/portfolio\/altin-fotograf-cekimi\/\">\n\t\t\t\t\t\t\t\t\t\t\tAlt\u0131n Foto\u011fraf \u00c7ekimi\t\t\t\t\t<\/a>\n\t\t\t\t<\/h3>\n\t\t\t\t<p>MT FOTO\u011eRAF AJANSI<\/p>\n\t\t\t<\/div>\n\t\t<\/div>\n\t\n\n\n\t\t\t\t<\/div>\n\t\t\t\t<\/div>\n\t\t\t\t<div class=\"elementor-element elementor-element-22e0d00 elementor-widget elementor-widget-pixi-adv-gallery-4\" data-id=\"22e0d00\" data-element_type=\"widget\" data-widget_type=\"pixi-adv-gallery-4.default\">\n\t\t\t\t<div class=\"elementor-widget-container\">\n\t\t\t\t\n\t\t<div class=\"pixi-inner-item hover-style-4\">\n\t\t\t<div class=\"inner-image mb-0\">\n\t\t\t\t<img decoding=\"async\" src=\"https:\/\/atropena.com\/mtfotografajansi\/wp-content\/uploads\/2024\/09\/Life-Style-Fotograf-Cekimi.jpg\" alt=\"Life Style Foto\u011fraf \u00c7ekimi\" class=\"img-fluid\">\n\t\t\t<\/div>\n\t\t\t<div class=\"inner-content pt-3\">\n\t\t\t\t<h3> \n\t\t\t\t\t\t\t\t\t\t\t<a class=\"btn-icon\" target=\"_blank\" href=\"https:\/\/atropena.com\/mtfotografajansi\/portfolio\/life-style-fotograf-cekimi\/\">\n\t\t\t\t\t\t\t\t\t\t\tLife Style Foto\u011fraf \u00c7ekimi\t\t\t\t\t<\/a>\n\t\t\t\t<\/h3>\n\t\t\t\t<p>MT FOTO\u011eRAF AJANSI<\/p>\n\t\t\t<\/div>\n\t\t<\/div>\n\t\n\n\n\t\t\t\t<\/div>\n\t\t\t\t<\/div>\n\t\t\t\t<div class=\"elementor-element elementor-element-d1bf887 elementor-widget elementor-widget-pixi-adv-gallery-4\" data-id=\"d1bf887\" data-element_type=\"widget\" data-widget_type=\"pixi-adv-gallery-4.default\">\n\t\t\t\t<div class=\"elementor-widget-container\">\n\t\t\t\t\n\t\t<div class=\"pixi-inner-item hover-style-4\">\n\t\t\t<div class=\"inner-image mb-0\">\n\t\t\t\t<img decoding=\"async\" src=\"https:\/\/atropena.com\/mtfotografajansi\/wp-content\/uploads\/2024\/09\/Gumus-Taki-Fotograf-Cekimi.jpg\" alt=\" G\u00fcm\u00fc\u015f Tak\u0131 Foto\u011fraf \u00c7ekimi\" class=\"img-fluid\">\n\t\t\t<\/div>\n\t\t\t<div class=\"inner-content pt-3\">\n\t\t\t\t<h3> \n\t\t\t\t\t\t\t\t\t\t\t<a class=\"btn-icon\" target=\"_blank\" href=\"https:\/\/atropena.com\/mtfotografajansi\/portfolio\/gumus-taki-fotograf-cekimi\/\">\n\t\t\t\t\t\t\t\t\t\t\t G\u00fcm\u00fc\u015f Tak\u0131 Foto\u011fraf \u00c7ekimi\t\t\t\t\t<\/a>\n\t\t\t\t<\/h3>\n\t\t\t\t<p>MT FOTO\u011eRAF AJANSI<\/p>\n\t\t\t<\/div>\n\t\t<\/div>\n\t\n\n\n\t\t\t\t<\/div>\n\t\t\t\t<\/div>\n\t\t\t\t\t<\/div>\n\t\t\t\t<\/div>\n\t\t<div class=\"elementor-element elementor-element-0e76a74 e-grid e-con-boxed e-con e-child\" data-id=\"0e76a74\" data-element_type=\"container\">\n\t\t\t\t\t<div class=\"e-con-inner\">\n\t\t\t\t<div class=\"elementor-element elementor-element-3373ee3 elementor-widget elementor-widget-pixi-adv-gallery-4\" data-id=\"3373ee3\" data-element_type=\"widget\" data-widget_type=\"pixi-adv-gallery-4.default\">\n\t\t\t\t<div class=\"elementor-widget-container\">\n\t\t\t\t\n\t\t<div class=\"pixi-inner-item hover-style-4\">\n\t\t\t<div class=\"inner-image mb-0\">\n\t\t\t\t<img decoding=\"async\" src=\"https:\/\/atropena.com\/mtfotografajansi\/wp-content\/uploads\/2024\/09\/ModelliMankenli-Fotograf-Cekimi.jpg\" alt=\"Modelli(Mankenli) Foto\u011fraf \u00c7ekimi\" class=\"img-fluid\">\n\t\t\t<\/div>\n\t\t\t<div class=\"inner-content pt-3\">\n\t\t\t\t<h3> \n\t\t\t\t\t\t\t\t\t\t\t<a class=\"btn-icon\" target=\"_blank\" href=\"https:\/\/atropena.com\/mtfotografajansi\/portfolio\/modellimankenli-fotograf-cekimi\/\">\n\t\t\t\t\t\t\t\t\t\t\tModelli(Mankenli) Foto\u011fraf \u00c7ekimi\t\t\t\t\t<\/a>\n\t\t\t\t<\/h3>\n\t\t\t\t<p>MT FOTO\u011eRAF AJANSI<\/p>\n\t\t\t<\/div>\n\t\t<\/div>\n\t\n\n\n\t\t\t\t<\/div>\n\t\t\t\t<\/div>\n\t\t\t\t<div class=\"elementor-element elementor-element-c5a7a5f elementor-widget elementor-widget-pixi-adv-gallery-4\" data-id=\"c5a7a5f\" data-element_type=\"widget\" data-widget_type=\"pixi-adv-gallery-4.default\">\n\t\t\t\t<div class=\"elementor-widget-container\">\n\t\t\t\t\n\t\t<div class=\"pixi-inner-item hover-style-4\">\n\t\t\t<div class=\"inner-image mb-0\">\n\t\t\t\t<img decoding=\"async\" src=\"https:\/\/atropena.com\/mtfotografajansi\/wp-content\/uploads\/2024\/09\/Bijuteri-Fotograf-Cekimi.jpg\" alt=\"Bijuteri Foto\u011fraf \u00c7ekimi\" class=\"img-fluid\">\n\t\t\t<\/div>\n\t\t\t<div class=\"inner-content pt-3\">\n\t\t\t\t<h3> \n\t\t\t\t\t\t\t\t\t\t\t<a class=\"btn-icon\" target=\"_blank\" href=\"https:\/\/atropena.com\/mtfotografajansi\/portfolio\/bijuteri-fotograf-cekimi\/\">\n\t\t\t\t\t\t\t\t\t\t\tBijuteri Foto\u011fraf \u00c7ekimi\t\t\t\t\t<\/a>\n\t\t\t\t<\/h3>\n\t\t\t\t<p>MT FOTO\u011eRAF AJANSI<\/p>\n\t\t\t<\/div>\n\t\t<\/div>\n\t\n\n\n\t\t\t\t<\/div>\n\t\t\t\t<\/div>\n\t\t\t\t<div class=\"elementor-element elementor-element-dd87dc5 elementor-widget elementor-widget-pixi-adv-gallery-4\" data-id=\"dd87dc5\" data-element_type=\"widget\" data-widget_type=\"pixi-adv-gallery-4.default\">\n\t\t\t\t<div class=\"elementor-widget-container\">\n\t\t\t\t\n\t\t<div class=\"pixi-inner-item hover-style-4\">\n\t\t\t<div class=\"inner-image mb-0\">\n\t\t\t\t<img decoding=\"async\" src=\"https:\/\/atropena.com\/mtfotografajansi\/wp-content\/uploads\/2024\/07\/Bileklik-Fotograf-Cekimleri-7-1-1024x1024-2.webp\" alt=\"Bileklik Foto\u011fraf \u00c7ekimi\" class=\"img-fluid\">\n\t\t\t<\/div>\n\t\t\t<div class=\"inner-content pt-3\">\n\t\t\t\t<h3> \n\t\t\t\t\t\t\t\t\t\t\t<a class=\"btn-icon\" target=\"_blank\" href=\"https:\/\/atropena.com\/mtfotografajansi\/portfolio\/bileklik-fotograf-cekimi\/\">\n\t\t\t\t\t\t\t\t\t\t\tBileklik Foto\u011fraf \u00c7ekimi\t\t\t\t\t<\/a>\n\t\t\t\t<\/h3>\n\t\t\t\t<p>MT FOTO\u011eRAF AJANSI<\/p>\n\t\t\t<\/div>\n\t\t<\/div>\n\t\n\n\n\t\t\t\t<\/div>\n\t\t\t\t<\/div>\n\t\t\t\t<div class=\"elementor-element elementor-element-6ab6f0e elementor-widget elementor-widget-pixi-adv-gallery-4\" data-id=\"6ab6f0e\" data-element_type=\"widget\" data-widget_type=\"pixi-adv-gallery-4.default\">\n\t\t\t\t<div class=\"elementor-widget-container\">\n\t\t\t\t\n\t\t<div class=\"pixi-inner-item hover-style-4\">\n\t\t\t<div class=\"inner-image mb-0\">\n\t\t\t\t<img decoding=\"async\" src=\"https:\/\/atropena.com\/mtfotografajansi\/wp-content\/uploads\/2024\/07\/CantaCuzdan-Ve-Kemer-Fotograf-Cekimi.jpg\" alt=\"\u00c7anta,C\u00fczdan Ve Kemer Foto\u011fraf \u00c7ekimi\" class=\"img-fluid\">\n\t\t\t<\/div>\n\t\t\t<div class=\"inner-content pt-3\">\n\t\t\t\t<h3> \n\t\t\t\t\t\t\t\t\t\t\t<a class=\"btn-icon\" target=\"_blank\" href=\"https:\/\/atropena.com\/mtfotografajansi\/portfolio\/canta-cuzdan-ve-kemer-fotograf-cekimi\/\">\n\t\t\t\t\t\t\t\t\t\t\t\u00c7anta,C\u00fczdan Ve Kemer Foto\u011fraf \u00c7ekimi\t\t\t\t\t<\/a>\n\t\t\t\t<\/h3>\n\t\t\t\t<p>MT FOTO\u011eRAF AJANSI<\/p>\n\t\t\t<\/div>\n\t\t<\/div>\n\t\n\n\n\t\t\t\t<\/div>\n\t\t\t\t<\/div>\n\t\t\t\t<div class=\"elementor-element elementor-element-c0630ce elementor-widget elementor-widget-pixi-adv-gallery-4\" data-id=\"c0630ce\" data-element_type=\"widget\" data-widget_type=\"pixi-adv-gallery-4.default\">\n\t\t\t\t<div class=\"elementor-widget-container\">\n\t\t\t\t\n\t\t<div class=\"pixi-inner-item hover-style-4\">\n\t\t\t<div class=\"inner-image mb-0\">\n\t\t\t\t<img decoding=\"async\" src=\"https:\/\/atropena.com\/mtfotografajansi\/wp-content\/uploads\/2024\/09\/Kutu-ve-Urun-Setleri-Fotograf-Cekimleri.jpg\" alt=\"Kutu ve \u00dcr\u00fcn Setleri Foto\u011fraf \u00c7ekimleri\" class=\"img-fluid\">\n\t\t\t<\/div>\n\t\t\t<div class=\"inner-content pt-3\">\n\t\t\t\t<h3> \n\t\t\t\t\t\t\t\t\t\t\t<a class=\"btn-icon\" target=\"_blank\" href=\"https:\/\/atropena.com\/mtfotografajansi\/portfolio\/kutu-ve-urun-setleri-fotograf-cekimleri\/\">\n\t\t\t\t\t\t\t\t\t\t\tKutu ve \u00dcr\u00fcn Setleri Foto\u011fraf \u00c7ekimleri\t\t\t\t\t<\/a>\n\t\t\t\t<\/h3>\n\t\t\t\t<p>MT FOTO\u011eRAF AJANSI<\/p>\n\t\t\t<\/div>\n\t\t<\/div>\n\t\n\n\n\t\t\t\t<\/div>\n\t\t\t\t<\/div>\n\t\t\t\t<div class=\"elementor-element elementor-element-b979e22 elementor-widget elementor-widget-pixi-adv-gallery-4\" data-id=\"b979e22\" data-element_type=\"widget\" data-widget_type=\"pixi-adv-gallery-4.default\">\n\t\t\t\t<div class=\"elementor-widget-container\">\n\t\t\t\t\n\t\t<div class=\"pixi-inner-item hover-style-4\">\n\t\t\t<div class=\"inner-image mb-0\">\n\t\t\t\t<img decoding=\"async\" src=\"https:\/\/atropena.com\/mtfotografajansi\/wp-content\/uploads\/2024\/07\/Kol-Saati-KordonKayis-Fotograf-Cekimi.jpg\" alt=\"Kol Saati Kordon, Kay\u0131\u015f Foto\u011fraf \u00c7ekimi\" class=\"img-fluid\">\n\t\t\t<\/div>\n\t\t\t<div class=\"inner-content pt-3\">\n\t\t\t\t<h3> \n\t\t\t\t\t\t\t\t\t\t\t<a class=\"btn-icon\" target=\"_blank\" href=\"https:\/\/atropena.com\/mtfotografajansi\/portfolio\/kol-saati-kordon-kayis-fotograf-cekimi\/\">\n\t\t\t\t\t\t\t\t\t\t\tKol Saati Kordon, Kay\u0131\u015f Foto\u011fraf \u00c7ekimi\t\t\t\t\t<\/a>\n\t\t\t\t<\/h3>\n\t\t\t\t<p>MT FOTO\u011eRAF AJANSI<\/p>\n\t\t\t<\/div>\n\t\t<\/div>\n\t\n\n\n\t\t\t\t<\/div>\n\t\t\t\t<\/div>\n\t\t\t\t\t<\/div>\n\t\t\t\t<\/div>\n\t\t<div class=\"elementor-element elementor-element-7abba22 e-grid e-con-boxed e-con e-child\" data-id=\"7abba22\" data-element_type=\"container\">\n\t\t\t\t\t<div class=\"e-con-inner\">\n\t\t\t\t<div class=\"elementor-element elementor-element-42def4b elementor-widget elementor-widget-pixi-adv-gallery-4\" data-id=\"42def4b\" data-element_type=\"widget\" data-widget_type=\"pixi-adv-gallery-4.default\">\n\t\t\t\t<div class=\"elementor-widget-container\">\n\t\t\t\t\n\t\t<div class=\"pixi-inner-item hover-style-4\">\n\t\t\t<div class=\"inner-image mb-0\">\n\t\t\t\t<img decoding=\"async\" src=\"https:\/\/atropena.com\/mtfotografajansi\/wp-content\/uploads\/2024\/09\/Saglik-Urunleri-Fotograf-Cekimi.jpg\" alt=\"Sa\u011fl\u0131k \u00dcr\u00fcnleri Foto\u011fraf \u00c7ekimi\" class=\"img-fluid\">\n\t\t\t<\/div>\n\t\t\t<div class=\"inner-content pt-3\">\n\t\t\t\t<h3> \n\t\t\t\t\t\t\t\t\t\t\t<a class=\"btn-icon\" target=\"_blank\" href=\"https:\/\/atropena.com\/mtfotografajansi\/portfolio\/saglik-urunleri-fotograf-cekimi\/\">\n\t\t\t\t\t\t\t\t\t\t\tSa\u011fl\u0131k \u00dcr\u00fcnleri Foto\u011fraf \u00c7ekimi\t\t\t\t\t<\/a>\n\t\t\t\t<\/h3>\n\t\t\t\t<p>MT FOTO\u011eRAF AJANSI<\/p>\n\t\t\t<\/div>\n\t\t<\/div>\n\t\n\n\n\t\t\t\t<\/div>\n\t\t\t\t<\/div>\n\t\t\t\t<div class=\"elementor-element elementor-element-b1eee11 elementor-widget elementor-widget-pixi-adv-gallery-4\" data-id=\"b1eee11\" data-element_type=\"widget\" data-widget_type=\"pixi-adv-gallery-4.default\">\n\t\t\t\t<div class=\"elementor-widget-container\">\n\t\t\t\t\n\t\t<div class=\"pixi-inner-item hover-style-4\">\n\t\t\t<div class=\"inner-image mb-0\">\n\t\t\t\t<img decoding=\"async\" src=\"https:\/\/atropena.com\/mtfotografajansi\/wp-content\/uploads\/2024\/09\/Ayakkabi-Fotograf-Cekimi.jpg\" alt=\"Ayakkab\u0131 Foto\u011fraf \u00c7ekimi\" class=\"img-fluid\">\n\t\t\t<\/div>\n\t\t\t<div class=\"inner-content pt-3\">\n\t\t\t\t<h3> \n\t\t\t\t\t\t\t\t\t\t\t<a class=\"btn-icon\" target=\"_blank\" href=\"https:\/\/atropena.com\/mtfotografajansi\/portfolio\/ayakkabi-fotograf-cekimi\/\">\n\t\t\t\t\t\t\t\t\t\t\tAyakkab\u0131 Foto\u011fraf \u00c7ekimi\t\t\t\t\t<\/a>\n\t\t\t\t<\/h3>\n\t\t\t\t<p>MT FOTO\u011eRAF AJANSI<\/p>\n\t\t\t<\/div>\n\t\t<\/div>\n\t\n\n\n\t\t\t\t<\/div>\n\t\t\t\t<\/div>\n\t\t\t\t<div class=\"elementor-element elementor-element-ff4eba1 elementor-widget elementor-widget-pixi-adv-gallery-4\" data-id=\"ff4eba1\" data-element_type=\"widget\" data-widget_type=\"pixi-adv-gallery-4.default\">\n\t\t\t\t<div class=\"elementor-widget-container\">\n\t\t\t\t\n\t\t<div class=\"pixi-inner-item hover-style-4\">\n\t\t\t<div class=\"inner-image mb-0\">\n\t\t\t\t<img decoding=\"async\" src=\"https:\/\/atropena.com\/mtfotografajansi\/wp-content\/uploads\/2024\/07\/Tesbih-ve-Yuzuk-Fotograf-Cekimi.jpg\" alt=\"Tesbih ve Y\u00fcz\u00fck Foto\u011fraf \u00c7ekimi\" class=\"img-fluid\">\n\t\t\t<\/div>\n\t\t\t<div class=\"inner-content pt-3\">\n\t\t\t\t<h3> \n\t\t\t\t\t\t\t\t\t\t\t<a class=\"btn-icon\" target=\"_blank\" href=\"https:\/\/atropena.com\/mtfotografajansi\/portfolio\/tesbih-ve-yuzuk-fotograf-cekimi\/\">\n\t\t\t\t\t\t\t\t\t\t\tTesbih ve Y\u00fcz\u00fck Foto\u011fraf \u00c7ekimi\t\t\t\t\t<\/a>\n\t\t\t\t<\/h3>\n\t\t\t\t<p>MT FOTO\u011eRAF AJANSI<\/p>\n\t\t\t<\/div>\n\t\t<\/div>\n\t\n\n\n\t\t\t\t<\/div>\n\t\t\t\t<\/div>\n\t\t\t\t<div class=\"elementor-element elementor-element-88930f8 elementor-widget elementor-widget-pixi-adv-gallery-4\" data-id=\"88930f8\" data-element_type=\"widget\" data-widget_type=\"pixi-adv-gallery-4.default\">\n\t\t\t\t<div class=\"elementor-widget-container\">\n\t\t\t\t\n\t\t<div class=\"pixi-inner-item hover-style-4\">\n\t\t\t<div class=\"inner-image mb-0\">\n\t\t\t\t<img decoding=\"async\" src=\"https:\/\/atropena.com\/mtfotografajansi\/wp-content\/uploads\/2024\/09\/Spor-Urunleri-Fotograf-Cekimi.jpg\" alt=\"Spor \u00dcr\u00fcnleri Foto\u011fraf \u00c7ekimi\" class=\"img-fluid\">\n\t\t\t<\/div>\n\t\t\t<div class=\"inner-content pt-3\">\n\t\t\t\t<h3> \n\t\t\t\t\t\t\t\t\t\t\t<a class=\"btn-icon\" target=\"_blank\" href=\"https:\/\/atropena.com\/mtfotografajansi\/portfolio\/spor-urunleri-fotograf-cekimi\/\">\n\t\t\t\t\t\t\t\t\t\t\tSpor \u00dcr\u00fcnleri Foto\u011fraf \u00c7ekimi\t\t\t\t\t<\/a>\n\t\t\t\t<\/h3>\n\t\t\t\t<p>MT FOTO\u011eRAF AJANSI<\/p>\n\t\t\t<\/div>\n\t\t<\/div>\n\t\n\n\n\t\t\t\t<\/div>\n\t\t\t\t<\/div>\n\t\t\t\t<div class=\"elementor-element elementor-element-5ab21c5 elementor-widget elementor-widget-pixi-adv-gallery-4\" data-id=\"5ab21c5\" data-element_type=\"widget\" data-widget_type=\"pixi-adv-gallery-4.default\">\n\t\t\t\t<div class=\"elementor-widget-container\">\n\t\t\t\t\n\t\t<div class=\"pixi-inner-item hover-style-4\">\n\t\t\t<div class=\"inner-image mb-0\">\n\t\t\t\t<img decoding=\"async\" src=\"https:\/\/atropena.com\/mtfotografajansi\/wp-content\/uploads\/2024\/09\/Elektronik-Esya-Fotograf-Cekimi.jpg\" alt=\"Elektronik E\u015fya Foto\u011fraf \u00c7ekimi\" class=\"img-fluid\">\n\t\t\t<\/div>\n\t\t\t<div class=\"inner-content pt-3\">\n\t\t\t\t<h3> \n\t\t\t\t\t\t\t\t\t\t\t<a class=\"btn-icon\" target=\"_blank\" href=\"https:\/\/atropena.com\/mtfotografajansi\/portfolio\/elektronik-esya-fotograf-cekimi\/\">\n\t\t\t\t\t\t\t\t\t\t\tElektronik E\u015fya Foto\u011fraf \u00c7ekimi\t\t\t\t\t<\/a>\n\t\t\t\t<\/h3>\n\t\t\t\t<p>MT FOTO\u011eRAF AJANSI<\/p>\n\t\t\t<\/div>\n\t\t<\/div>\n\t\n\n\n\t\t\t\t<\/div>\n\t\t\t\t<\/div>\n\t\t\t\t<div class=\"elementor-element elementor-element-9fbe2c9 elementor-widget elementor-widget-pixi-adv-gallery-4\" data-id=\"9fbe2c9\" data-element_type=\"widget\" data-widget_type=\"pixi-adv-gallery-4.default\">\n\t\t\t\t<div class=\"elementor-widget-container\">\n\t\t\t\t\n\t\t<div class=\"pixi-inner-item hover-style-4\">\n\t\t\t<div class=\"inner-image mb-0\">\n\t\t\t\t<img decoding=\"async\" src=\"https:\/\/atropena.com\/mtfotografajansi\/wp-content\/uploads\/2024\/07\/Hayalet-Ghost-Fotograf-Cekimi.jpg\" alt=\"Hayalet (Ghost) Foto\u011fraf \u00c7ekimi\" class=\"img-fluid\">\n\t\t\t<\/div>\n\t\t\t<div class=\"inner-content pt-3\">\n\t\t\t\t<h3> \n\t\t\t\t\t\t\t\t\t\t\t<a class=\"btn-icon\" target=\"_blank\" href=\"https:\/\/atropena.com\/mtfotografajansi\/portfolio\/hayalet-ghost-fotograf-cekimi\/\">\n\t\t\t\t\t\t\t\t\t\t\tHayalet (Ghost) Foto\u011fraf \u00c7ekimi\t\t\t\t\t<\/a>\n\t\t\t\t<\/h3>\n\t\t\t\t<p>MT FOTO\u011eRAF AJANSI<\/p>\n\t\t\t<\/div>\n\t\t<\/div>\n\t\n\n\n\t\t\t\t<\/div>\n\t\t\t\t<\/div>\n\t\t\t\t\t<\/div>\n\t\t\t\t<\/div>\n\t\t<div class=\"elementor-element elementor-element-bd6aab6 e-grid e-con-boxed e-con e-child\" data-id=\"bd6aab6\" data-element_type=\"container\">\n\t\t\t\t\t<div class=\"e-con-inner\">\n\t\t\t\t<div class=\"elementor-element elementor-element-a2893d2 elementor-widget elementor-widget-pixi-adv-gallery-4\" data-id=\"a2893d2\" data-element_type=\"widget\" data-widget_type=\"pixi-adv-gallery-4.default\">\n\t\t\t\t<div class=\"elementor-widget-container\">\n\t\t\t\t\n\t\t<div class=\"pixi-inner-item hover-style-4\">\n\t\t\t<div class=\"inner-image mb-0\">\n\t\t\t\t<img decoding=\"async\" src=\"https:\/\/atropena.com\/mtfotografajansi\/wp-content\/uploads\/2024\/09\/Kirtasiye-ve-Tuhafiye-Fotograf-Cekimi.jpg\" alt=\"K\u0131rtasiye ve Tuhafiye Foto\u011fraf \u00c7ekimi\" class=\"img-fluid\">\n\t\t\t<\/div>\n\t\t\t<div class=\"inner-content pt-3\">\n\t\t\t\t<h3> \n\t\t\t\t\t\t\t\t\t\t\t<a class=\"btn-icon\" target=\"_blank\" href=\"https:\/\/atropena.com\/mtfotografajansi\/portfolio\/kirtasiye-ve-tuhafiye-fotograf-cekimi\/\">\n\t\t\t\t\t\t\t\t\t\t\tK\u0131rtasiye ve Tuhafiye Foto\u011fraf \u00c7ekimi\t\t\t\t\t<\/a>\n\t\t\t\t<\/h3>\n\t\t\t\t<p>MT FOTO\u011eRAF AJANSI<\/p>\n\t\t\t<\/div>\n\t\t<\/div>\n\t\n\n\n\t\t\t\t<\/div>\n\t\t\t\t<\/div>\n\t\t\t\t<div class=\"elementor-element elementor-element-4426a8b elementor-widget elementor-widget-pixi-adv-gallery-4\" data-id=\"4426a8b\" data-element_type=\"widget\" data-widget_type=\"pixi-adv-gallery-4.default\">\n\t\t\t\t<div class=\"elementor-widget-container\">\n\t\t\t\t\n\t\t<div class=\"pixi-inner-item hover-style-4\">\n\t\t\t<div class=\"inner-image mb-0\">\n\t\t\t\t<img decoding=\"async\" src=\"https:\/\/atropena.com\/mtfotografajansi\/wp-content\/uploads\/2024\/09\/EvYasam-Fotograf-Cekimleri.jpg\" alt=\"Ev,Ya\u015fam Foto\u011fraf \u00c7ekimleri\" class=\"img-fluid\">\n\t\t\t<\/div>\n\t\t\t<div class=\"inner-content pt-3\">\n\t\t\t\t<h3> \n\t\t\t\t\t\t\t\t\t\t\t<a class=\"btn-icon\" target=\"_blank\" href=\"https:\/\/atropena.com\/mtfotografajansi\/portfolio\/evyasam-fotograf-cekimleri\/\">\n\t\t\t\t\t\t\t\t\t\t\tEv,Ya\u015fam Foto\u011fraf \u00c7ekimleri\t\t\t\t\t<\/a>\n\t\t\t\t<\/h3>\n\t\t\t\t<p>MT FOTO\u011eRAF AJANSI<\/p>\n\t\t\t<\/div>\n\t\t<\/div>\n\t\n\n\n\t\t\t\t<\/div>\n\t\t\t\t<\/div>\n\t\t\t\t<div class=\"elementor-element elementor-element-5c598f8 elementor-widget elementor-widget-pixi-adv-gallery-4\" data-id=\"5c598f8\" data-element_type=\"widget\" data-widget_type=\"pixi-adv-gallery-4.default\">\n\t\t\t\t<div class=\"elementor-widget-container\">\n\t\t\t\t\n\t\t<div class=\"pixi-inner-item hover-style-4\">\n\t\t\t<div class=\"inner-image mb-0\">\n\t\t\t\t<img decoding=\"async\" src=\"https:\/\/atropena.com\/mtfotografajansi\/wp-content\/uploads\/2024\/09\/Nalburiye-Urunleri-Fotograf-Cekimi.jpg\" alt=\"Nalburiye \u00dcr\u00fcnleri Foto\u011fraf \u00c7ekimi\" class=\"img-fluid\">\n\t\t\t<\/div>\n\t\t\t<div class=\"inner-content pt-3\">\n\t\t\t\t<h3> \n\t\t\t\t\t\t\t\t\t\t\t<a class=\"btn-icon\" target=\"_blank\" href=\"https:\/\/atropena.com\/mtfotografajansi\/portfolio\/nalburiye-urunleri-fotograf-cekimi\/\">\n\t\t\t\t\t\t\t\t\t\t\tNalburiye \u00dcr\u00fcnleri Foto\u011fraf \u00c7ekimi\t\t\t\t\t<\/a>\n\t\t\t\t<\/h3>\n\t\t\t\t<p>MT FOTO\u011eRAF AJANSI<\/p>\n\t\t\t<\/div>\n\t\t<\/div>\n\t\n\n\n\t\t\t\t<\/div>\n\t\t\t\t<\/div>\n\t\t\t\t\t<\/div>\n\t\t\t\t<\/div>\n\t\t\t\t<\/div>\n\t\t\t\t<\/div>\n\t\t","protected":false},"excerpt":{"rendered":"<p>Saat Foto\u011fraf \u00c7ekimi MT FOTO\u011eRAF AJANSI G\u00f6zl\u00fck Foto\u011fraf \u00c7ekimi MT FOTO\u011eRAF AJANSI Kozmetik Ve Kuaf\u00f6r \u00dcr\u00fcnleri Foto\u011fraf \u00c7ekimi MT FOTO\u011eRAF AJANSI Alt\u0131n Foto\u011fraf \u00c7ekimi MT FOTO\u011eRAF AJANSI Life Style Foto\u011fraf \u00c7ekimi MT FOTO\u011eRAF AJANSI G\u00fcm\u00fc\u015f Tak\u0131 Foto\u011fraf \u00c7ekimi MT FOTO\u011eRAF AJANSI Modelli(Mankenli) Foto\u011fraf \u00c7ekimi MT FOTO\u011eRAF AJANSI Bijuteri Foto\u011fraf \u00c7ekimi MT FOTO\u011eRAF AJANSI Bileklik Foto\u011fraf [&hellip;]<\/p>\n","protected":false},"author":1,"featured_media":0,"parent":0,"menu_order":0,"comment_status":"closed","ping_status":"closed","template":"tpl-default-elementor.php","meta":{"_joinchat":[],"footnotes":""},"class_list":["post-39","page","type-page","status-publish","hentry"],"_links":{"self":[{"href":"https:\/\/atropena.com\/mtfotografajansi\/wp-json\/wp\/v2\/pages\/39","targetHints":{"allow":["GET"]}}],"collection":[{"href":"https:\/\/atropena.com\/mtfotografajansi\/wp-json\/wp\/v2\/pages"}],"about":[{"href":"https:\/\/atropena.com\/mtfotografajansi\/wp-json\/wp\/v2\/types\/page"}],"author":[{"embeddable":true,"href":"https:\/\/atropena.com\/mtfotografajansi\/wp-json\/wp\/v2\/users\/1"}],"replies":[{"embeddable":true,"href":"https:\/\/atropena.com\/mtfotografajansi\/wp-json\/wp\/v2\/comments?post=39"}],"version-history":[{"count":104,"href":"https:\/\/atropena.com\/mtfotografajansi\/wp-json\/wp\/v2\/pages\/39\/revisions"}],"predecessor-version":[{"id":2343,"href":"https:\/\/atropena.com\/mtfotografajansi\/wp-json\/wp\/v2\/pages\/39\/revisions\/2343"}],"wp:attachment":[{"href":"https:\/\/atropena.com\/mtfotografajansi\/wp-json\/wp\/v2\/media?parent=39"}],"curies":[{"name":"wp","href":"https:\/\/api.w.org\/{rel}","templated":true}]}}