{"id":2156,"date":"2024-09-07T01:11:44","date_gmt":"2024-09-06T22:11:44","guid":{"rendered":"https:\/\/atropena.com\/mtfotografajansi\/?page_id=2156"},"modified":"2024-09-07T02:47:47","modified_gmt":"2024-09-06T23:47:47","slug":"bijuteri-fotograf-cekimi","status":"publish","type":"page","link":"https:\/\/atropena.com\/mtfotografajansi\/portfolio\/bijuteri-fotograf-cekimi\/","title":{"rendered":"Bijuteri Foto\u011fraf \u00c7ekimi"},"content":{"rendered":"\t\t<div data-elementor-type=\"wp-page\" data-elementor-id=\"2156\" class=\"elementor elementor-2156\">\n\t\t\t\t\t\t<section class=\"elementor-section elementor-top-section elementor-element elementor-element-0c50d6f elementor-section-stretched elementor-section-full_width elementor-section-height-default elementor-section-height-default\" data-id=\"0c50d6f\" data-element_type=\"section\" data-settings=\"{&quot;stretch_section&quot;:&quot;section-stretched&quot;}\">\n\t\t\t\t\t\t<div class=\"elementor-container elementor-column-gap-no\">\n\t\t\t\t\t<div class=\"elementor-column elementor-col-100 elementor-top-column elementor-element elementor-element-d2090c0\" data-id=\"d2090c0\" data-element_type=\"column\">\n\t\t\t<div class=\"elementor-widget-wrap\">\n\t\t\t\t\t\t\t<\/div>\n\t\t<\/div>\n\t\t\t\t\t<\/div>\n\t\t<\/section>\n\t\t<div class=\"elementor-element elementor-element-e31f3af e-flex e-con-boxed e-con e-parent\" data-id=\"e31f3af\" data-element_type=\"container\">\n\t\t\t\t\t<div class=\"e-con-inner\">\n\t\t<div class=\"elementor-element elementor-element-4e965ba e-flex e-con-boxed e-con e-child\" data-id=\"4e965ba\" data-element_type=\"container\">\n\t\t\t\t\t<div class=\"e-con-inner\">\n\t\t<div class=\"elementor-element elementor-element-4764e4e e-grid e-con-boxed e-con e-child\" data-id=\"4764e4e\" data-element_type=\"container\">\n\t\t\t\t\t<div class=\"e-con-inner\">\n\t\t\t\t<div class=\"elementor-element elementor-element-f61a47f elementor-widget elementor-widget-pixi-adv-gallery-4\" data-id=\"f61a47f\" data-element_type=\"widget\" data-widget_type=\"pixi-adv-gallery-4.default\">\n\t\t\t\t<div class=\"elementor-widget-container\">\n\t\t\t\t\n\t\t<div class=\"pixi-inner-item hover-style-4\">\n\t\t\t<div class=\"inner-image mb-0\">\n\t\t\t\t<img decoding=\"async\" src=\"https:\/\/atropena.com\/mtfotografajansi\/wp-content\/uploads\/2024\/07\/Bijuteri-Fotograf-Cekimi-32.jpg\" alt=\"\u0130NCELE\" class=\"img-fluid\">\n\t\t\t<\/div>\n\t\t\t<div class=\"inner-content pt-3\">\n\t\t\t\t<h3> \n\t\t\t\t\t\t\t\t\t\t\t<a class=\"port_popup img-fluid btn-icon\" href=\"https:\/\/atropena.com\/mtfotografajansi\/wp-content\/uploads\/2024\/07\/Bijuteri-Fotograf-Cekimi-32.jpg\">\n\t\t\t\t\t\t\t\t\t\t\t\u0130NCELE\t\t\t\t\t<\/a>\n\t\t\t\t<\/h3>\n\t\t\t\t<p><\/p>\n\t\t\t<\/div>\n\t\t<\/div>\n\t\n\n\n\t\t\t\t<\/div>\n\t\t\t\t<\/div>\n\t\t\t\t<div class=\"elementor-element elementor-element-7e13079 elementor-widget elementor-widget-pixi-adv-gallery-4\" data-id=\"7e13079\" data-element_type=\"widget\" data-widget_type=\"pixi-adv-gallery-4.default\">\n\t\t\t\t<div class=\"elementor-widget-container\">\n\t\t\t\t\n\t\t<div class=\"pixi-inner-item hover-style-4\">\n\t\t\t<div class=\"inner-image mb-0\">\n\t\t\t\t<img decoding=\"async\" src=\"https:\/\/atropena.com\/mtfotografajansi\/wp-content\/uploads\/2024\/07\/Bijuteri-Fotograf-Cekimi-26.jpg\" alt=\"\u0130NCELE\" class=\"img-fluid\">\n\t\t\t<\/div>\n\t\t\t<div class=\"inner-content pt-3\">\n\t\t\t\t<h3> \n\t\t\t\t\t\t\t\t\t\t\t<a class=\"port_popup img-fluid btn-icon\" href=\"https:\/\/atropena.com\/mtfotografajansi\/wp-content\/uploads\/2024\/07\/Bijuteri-Fotograf-Cekimi-26.jpg\">\n\t\t\t\t\t\t\t\t\t\t\t\u0130NCELE\t\t\t\t\t<\/a>\n\t\t\t\t<\/h3>\n\t\t\t\t<p><\/p>\n\t\t\t<\/div>\n\t\t<\/div>\n\t\n\n\n\t\t\t\t<\/div>\n\t\t\t\t<\/div>\n\t\t\t\t<div class=\"elementor-element elementor-element-a32afa5 elementor-widget elementor-widget-pixi-adv-gallery-4\" data-id=\"a32afa5\" data-element_type=\"widget\" data-widget_type=\"pixi-adv-gallery-4.default\">\n\t\t\t\t<div class=\"elementor-widget-container\">\n\t\t\t\t\n\t\t<div class=\"pixi-inner-item hover-style-4\">\n\t\t\t<div class=\"inner-image mb-0\">\n\t\t\t\t<img decoding=\"async\" src=\"https:\/\/atropena.com\/mtfotografajansi\/wp-content\/uploads\/2024\/07\/Bijuteri-Fotograf-Cekimi-10.jpg\" alt=\"iNCELE\" class=\"img-fluid\">\n\t\t\t<\/div>\n\t\t\t<div class=\"inner-content pt-3\">\n\t\t\t\t<h3> \n\t\t\t\t\t\t\t\t\t\t\t<a class=\"port_popup img-fluid btn-icon\" href=\"https:\/\/atropena.com\/mtfotografajansi\/wp-content\/uploads\/2024\/07\/Bijuteri-Fotograf-Cekimi-10.jpg\">\n\t\t\t\t\t\t\t\t\t\t\tiNCELE\t\t\t\t\t<\/a>\n\t\t\t\t<\/h3>\n\t\t\t\t<p><\/p>\n\t\t\t<\/div>\n\t\t<\/div>\n\t\n\n\n\t\t\t\t<\/div>\n\t\t\t\t<\/div>\n\t\t\t\t<div class=\"elementor-element elementor-element-4251d13 elementor-widget elementor-widget-pixi-adv-gallery-4\" data-id=\"4251d13\" data-element_type=\"widget\" data-widget_type=\"pixi-adv-gallery-4.default\">\n\t\t\t\t<div class=\"elementor-widget-container\">\n\t\t\t\t\n\t\t<div class=\"pixi-inner-item hover-style-4\">\n\t\t\t<div class=\"inner-image mb-0\">\n\t\t\t\t<img decoding=\"async\" src=\"https:\/\/atropena.com\/mtfotografajansi\/wp-content\/uploads\/2024\/07\/Bijuteri-Fotograf-Cekimi-5.jpg\" alt=\"iNCELE\" class=\"img-fluid\">\n\t\t\t<\/div>\n\t\t\t<div class=\"inner-content pt-3\">\n\t\t\t\t<h3> \n\t\t\t\t\t\t\t\t\t\t\t<a class=\"port_popup img-fluid btn-icon\" href=\"https:\/\/atropena.com\/mtfotografajansi\/wp-content\/uploads\/2024\/07\/Bijuteri-Fotograf-Cekimi-5.jpg\">\n\t\t\t\t\t\t\t\t\t\t\tiNCELE\t\t\t\t\t<\/a>\n\t\t\t\t<\/h3>\n\t\t\t\t<p><\/p>\n\t\t\t<\/div>\n\t\t<\/div>\n\t\n\n\n\t\t\t\t<\/div>\n\t\t\t\t<\/div>\n\t\t\t\t<div class=\"elementor-element elementor-element-929eace elementor-widget elementor-widget-pixi-adv-gallery-4\" data-id=\"929eace\" data-element_type=\"widget\" data-widget_type=\"pixi-adv-gallery-4.default\">\n\t\t\t\t<div class=\"elementor-widget-container\">\n\t\t\t\t\n\t\t<div class=\"pixi-inner-item hover-style-4\">\n\t\t\t<div class=\"inner-image mb-0\">\n\t\t\t\t<img decoding=\"async\" src=\"https:\/\/atropena.com\/mtfotografajansi\/wp-content\/uploads\/2024\/07\/Bijuteri-Fotograf-Cekimi-1.jpg\" alt=\"\u0130NCELE\" class=\"img-fluid\">\n\t\t\t<\/div>\n\t\t\t<div class=\"inner-content pt-3\">\n\t\t\t\t<h3> \n\t\t\t\t\t\t\t\t\t\t\t<a class=\"port_popup img-fluid btn-icon\" href=\"https:\/\/atropena.com\/mtfotografajansi\/wp-content\/uploads\/2024\/07\/Bijuteri-Fotograf-Cekimi-1.jpg\">\n\t\t\t\t\t\t\t\t\t\t\t\u0130NCELE\t\t\t\t\t<\/a>\n\t\t\t\t<\/h3>\n\t\t\t\t<p><\/p>\n\t\t\t<\/div>\n\t\t<\/div>\n\t\n\n\n\t\t\t\t<\/div>\n\t\t\t\t<\/div>\n\t\t\t\t<div class=\"elementor-element elementor-element-257c53e elementor-widget elementor-widget-pixi-adv-gallery-4\" data-id=\"257c53e\" data-element_type=\"widget\" data-widget_type=\"pixi-adv-gallery-4.default\">\n\t\t\t\t<div class=\"elementor-widget-container\">\n\t\t\t\t\n\t\t<div class=\"pixi-inner-item hover-style-4\">\n\t\t\t<div class=\"inner-image mb-0\">\n\t\t\t\t<img decoding=\"async\" src=\"https:\/\/atropena.com\/mtfotografajansi\/wp-content\/uploads\/2024\/09\/Bijuteri-Fotograf-Cekimi.jpg\" alt=\"\u0130NCELE\" class=\"img-fluid\">\n\t\t\t<\/div>\n\t\t\t<div class=\"inner-content pt-3\">\n\t\t\t\t<h3> \n\t\t\t\t\t\t\t\t\t\t\t<a class=\"port_popup img-fluid btn-icon\" href=\"https:\/\/atropena.com\/mtfotografajansi\/wp-content\/uploads\/2024\/09\/Bijuteri-Fotograf-Cekimi.jpg\">\n\t\t\t\t\t\t\t\t\t\t\t\u0130NCELE\t\t\t\t\t<\/a>\n\t\t\t\t<\/h3>\n\t\t\t\t<p><\/p>\n\t\t\t<\/div>\n\t\t<\/div>\n\t\n\n\n\t\t\t\t<\/div>\n\t\t\t\t<\/div>\n\t\t\t\t\t<\/div>\n\t\t\t\t<\/div>\n\t\t<div class=\"elementor-element elementor-element-9fcff00 e-grid e-con-boxed e-con e-child\" data-id=\"9fcff00\" data-element_type=\"container\">\n\t\t\t\t\t<div class=\"e-con-inner\">\n\t\t\t\t\t<\/div>\n\t\t\t\t<\/div>\n\t\t\t\t\t<\/div>\n\t\t\t\t<\/div>\n\t\t\t\t\t<\/div>\n\t\t\t\t<\/div>\n\t\t\t\t<\/div>\n\t\t","protected":false},"excerpt":{"rendered":"<p>\u0130NCELE \u0130NCELE iNCELE iNCELE \u0130NCELE \u0130NCELE<\/p>\n","protected":false},"author":1,"featured_media":0,"parent":39,"menu_order":0,"comment_status":"closed","ping_status":"closed","template":"tpl-default-elementor.php","meta":{"_joinchat":[],"footnotes":""},"class_list":["post-2156","page","type-page","status-publish","hentry"],"_links":{"self":[{"href":"https:\/\/atropena.com\/mtfotografajansi\/wp-json\/wp\/v2\/pages\/2156","targetHints":{"allow":["GET"]}}],"collection":[{"href":"https:\/\/atropena.com\/mtfotografajansi\/wp-json\/wp\/v2\/pages"}],"about":[{"href":"https:\/\/atropena.com\/mtfotografajansi\/wp-json\/wp\/v2\/types\/page"}],"author":[{"embeddable":true,"href":"https:\/\/atropena.com\/mtfotografajansi\/wp-json\/wp\/v2\/users\/1"}],"replies":[{"embeddable":true,"href":"https:\/\/atropena.com\/mtfotografajansi\/wp-json\/wp\/v2\/comments?post=2156"}],"version-history":[{"count":7,"href":"https:\/\/atropena.com\/mtfotografajansi\/wp-json\/wp\/v2\/pages\/2156\/revisions"}],"predecessor-version":[{"id":2355,"href":"https:\/\/atropena.com\/mtfotografajansi\/wp-json\/wp\/v2\/pages\/2156\/revisions\/2355"}],"up":[{"embeddable":true,"href":"https:\/\/atropena.com\/mtfotografajansi\/wp-json\/wp\/v2\/pages\/39"}],"wp:attachment":[{"href":"https:\/\/atropena.com\/mtfotografajansi\/wp-json\/wp\/v2\/media?parent=2156"}],"curies":[{"name":"wp","href":"https:\/\/api.w.org\/{rel}","templated":true}]}}