{"id":3997,"date":"2023-12-31T19:46:01","date_gmt":"2023-12-31T16:46:01","guid":{"rendered":"https:\/\/atropena.com\/mtd\/?page_id=3997"},"modified":"2023-12-31T19:46:02","modified_gmt":"2023-12-31T16:46:02","slug":"hizmetlerimiz","status":"publish","type":"page","link":"https:\/\/atropena.com\/mtd\/hizmetlerimiz\/","title":{"rendered":"H\u0130ZMETLER\u0130M\u0130Z"},"content":{"rendered":"\t\t<div data-elementor-type=\"wp-page\" data-elementor-id=\"3997\" class=\"elementor elementor-3997\">\n\t\t\t\t\t\t\t\t\t<section class=\"elementor-section elementor-top-section elementor-element elementor-element-eb9a7c0 elementor-section-boxed elementor-section-height-default elementor-section-height-default sc_fly_static\" data-id=\"eb9a7c0\" data-element_type=\"section\">\n\t\t\t\t\t\t<div class=\"elementor-container elementor-column-gap-extended\">\n\t\t\t\t\t<div class=\"elementor-column elementor-col-100 elementor-top-column elementor-element elementor-element-dc963d3 sc_inner_width_none sc_content_align_inherit sc_layouts_column_icons_position_left sc_fly_static\" data-id=\"dc963d3\" data-element_type=\"column\">\n\t\t\t<div class=\"elementor-widget-wrap elementor-element-populated\">\n\t\t\t\t\t\t\t\t<div class=\"elementor-element elementor-element-1673988 sc_height_huge sc_fly_static elementor-widget elementor-widget-spacer\" data-id=\"1673988\" data-element_type=\"widget\" data-widget_type=\"spacer.default\">\n\t\t\t\t<div class=\"elementor-widget-container\">\n\t\t\t\t\t<div class=\"elementor-spacer\">\n\t\t\t<div class=\"elementor-spacer-inner\"><\/div>\n\t\t<\/div>\n\t\t\t\t<\/div>\n\t\t\t\t<\/div>\n\t\t\t\t\t<\/div>\n\t\t<\/div>\n\t\t\t\t\t\t\t<\/div>\n\t\t<\/section>\n\t\t\t\t<section class=\"elementor-section elementor-top-section elementor-element elementor-element-3eaace5 elementor-section-full_width elementor-section-content-middle scheme_default elementor-section-height-default elementor-section-height-default sc_fly_static\" data-id=\"3eaace5\" data-element_type=\"section\" data-settings=\"{&quot;background_background&quot;:&quot;classic&quot;}\">\n\t\t\t\t\t\t<div class=\"elementor-container elementor-column-gap-no\">\n\t\t\t\t\t<div class=\"elementor-column elementor-col-50 elementor-top-column elementor-element elementor-element-558e81c sc_inner_width_none sc_content_align_inherit sc_layouts_column_icons_position_left sc_fly_static\" data-id=\"558e81c\" data-element_type=\"column\" data-settings=\"{&quot;background_background&quot;:&quot;classic&quot;}\">\n\t\t\t<div class=\"elementor-widget-wrap elementor-element-populated\">\n\t\t\t\t\t\t\t\t<div class=\"elementor-element elementor-element-e6b0591 sc_height_huge sc_layouts_hide_on_mobile sc_fly_static elementor-widget elementor-widget-spacer\" data-id=\"e6b0591\" data-element_type=\"widget\" data-widget_type=\"spacer.default\">\n\t\t\t\t<div class=\"elementor-widget-container\">\n\t\t\t\t\t<div class=\"elementor-spacer\">\n\t\t\t<div class=\"elementor-spacer-inner\"><\/div>\n\t\t<\/div>\n\t\t\t\t<\/div>\n\t\t\t\t<\/div>\n\t\t\t\t<section class=\"elementor-section elementor-inner-section elementor-element elementor-element-b996561 elementor-section-boxed elementor-section-height-default elementor-section-height-default sc_fly_static\" data-id=\"b996561\" data-element_type=\"section\" data-settings=\"{&quot;background_background&quot;:&quot;classic&quot;}\">\n\t\t\t\t\t\t<div class=\"elementor-container elementor-column-gap-no\">\n\t\t\t\t\t<div class=\"elementor-column elementor-col-50 elementor-inner-column elementor-element elementor-element-362232d sc_inner_width_none sc_content_align_inherit sc_layouts_column_icons_position_left sc_fly_static\" data-id=\"362232d\" data-element_type=\"column\">\n\t\t\t<div class=\"elementor-widget-wrap elementor-element-populated\">\n\t\t\t\t\t\t\t\t<div class=\"elementor-element elementor-element-b124647 no-title animation_type_block sc_fly_static elementor-invisible elementor-widget elementor-widget-image\" data-id=\"b124647\" data-element_type=\"widget\" data-settings=\"{&quot;_animation&quot;:&quot;detailx-fadeinup&quot;}\" data-widget_type=\"image.default\">\n\t\t\t\t<div class=\"elementor-widget-container\">\n\t\t\t\t\t\t\t\t\t\t\t\t\t\t\t<img fetchpriority=\"high\" decoding=\"async\" width=\"1080\" height=\"1350\" src=\"https:\/\/atropena.com\/mtd\/wp-content\/uploads\/2023\/12\/hakkimizda.jpg\" class=\"attachment-full size-full wp-image-30861\" alt=\"\" srcset=\"https:\/\/atropena.com\/mtd\/wp-content\/uploads\/2023\/12\/hakkimizda.jpg 1080w, https:\/\/atropena.com\/mtd\/wp-content\/uploads\/2023\/12\/hakkimizda-240x300.jpg 240w, https:\/\/atropena.com\/mtd\/wp-content\/uploads\/2023\/12\/hakkimizda-819x1024.jpg 819w, https:\/\/atropena.com\/mtd\/wp-content\/uploads\/2023\/12\/hakkimizda-768x960.jpg 768w, https:\/\/atropena.com\/mtd\/wp-content\/uploads\/2023\/12\/hakkimizda-370x463.jpg 370w, https:\/\/atropena.com\/mtd\/wp-content\/uploads\/2023\/12\/hakkimizda-840x1050.jpg 840w, https:\/\/atropena.com\/mtd\/wp-content\/uploads\/2023\/12\/hakkimizda-410x513.jpg 410w, https:\/\/atropena.com\/mtd\/wp-content\/uploads\/2023\/12\/hakkimizda-730x913.jpg 730w\" sizes=\"(max-width: 1080px) 100vw, 1080px\" \/>\t\t\t\t\t\t\t\t\t\t\t\t\t\t\t<\/div>\n\t\t\t\t<\/div>\n\t\t\t\t\t<\/div>\n\t\t<\/div>\n\t\t\t\t<div class=\"elementor-column elementor-col-50 elementor-inner-column elementor-element elementor-element-cbf5cc9 sc_content_align_center sc_inner_width_none sc_layouts_column_icons_position_left animation_type_block sc_fly_static elementor-invisible\" data-id=\"cbf5cc9\" data-element_type=\"column\" data-settings=\"{&quot;background_background&quot;:&quot;classic&quot;,&quot;animation&quot;:&quot;detailx-fadeinup&quot;,&quot;animation_delay&quot;:150}\">\n\t\t\t<div class=\"elementor-widget-wrap elementor-element-populated\">\n\t\t\t\t\t\t\t\t<div class=\"elementor-element elementor-element-c813dd6 sc_fly_static elementor-widget elementor-widget-spacer\" data-id=\"c813dd6\" data-element_type=\"widget\" data-widget_type=\"spacer.default\">\n\t\t\t\t<div class=\"elementor-widget-container\">\n\t\t\t\t\t<div class=\"elementor-spacer\">\n\t\t\t<div class=\"elementor-spacer-inner\"><\/div>\n\t\t<\/div>\n\t\t\t\t<\/div>\n\t\t\t\t<\/div>\n\t\t\t\t\t<\/div>\n\t\t<\/div>\n\t\t\t\t\t\t\t<\/div>\n\t\t<\/section>\n\t\t\t\t<div class=\"elementor-element elementor-element-c78cb58 sc_height_huge sc_fly_static elementor-widget elementor-widget-spacer\" data-id=\"c78cb58\" data-element_type=\"widget\" data-widget_type=\"spacer.default\">\n\t\t\t\t<div class=\"elementor-widget-container\">\n\t\t\t\t\t<div class=\"elementor-spacer\">\n\t\t\t<div class=\"elementor-spacer-inner\"><\/div>\n\t\t<\/div>\n\t\t\t\t<\/div>\n\t\t\t\t<\/div>\n\t\t\t\t\t<\/div>\n\t\t<\/div>\n\t\t\t\t<div class=\"elementor-column elementor-col-50 elementor-top-column elementor-element elementor-element-0958100 sc_inner_width_1_2 sc_extra_bg_large_right sc-mobile_inner_width_none sc_content_align_inherit sc_layouts_column_icons_position_left sc_fly_static\" data-id=\"0958100\" data-element_type=\"column\" data-settings=\"{&quot;background_background&quot;:&quot;classic&quot;}\">\n\t\t\t<div class=\"elementor-widget-wrap elementor-element-populated\">\n\t\t\t\t\t\t\t\t<div class=\"elementor-element elementor-element-346e366 sc_height_huge sc_layouts_hide_on_wide sc_layouts_hide_on_desktop sc_layouts_hide_on_notebook sc_fly_static elementor-widget elementor-widget-spacer\" data-id=\"346e366\" data-element_type=\"widget\" data-widget_type=\"spacer.default\">\n\t\t\t\t<div class=\"elementor-widget-container\">\n\t\t\t\t\t<div class=\"elementor-spacer\">\n\t\t\t<div class=\"elementor-spacer-inner\"><\/div>\n\t\t<\/div>\n\t\t\t\t<\/div>\n\t\t\t\t<\/div>\n\t\t\t\t<div class=\"elementor-element elementor-element-4868f40 sc_layouts_hide_on_tablet sc_layouts_hide_on_mobile sc_fly_static elementor-widget elementor-widget-spacer\" data-id=\"4868f40\" data-element_type=\"widget\" data-widget_type=\"spacer.default\">\n\t\t\t\t<div class=\"elementor-widget-container\">\n\t\t\t\t\t<div class=\"elementor-spacer\">\n\t\t\t<div class=\"elementor-spacer-inner\"><\/div>\n\t\t<\/div>\n\t\t\t\t<\/div>\n\t\t\t\t<\/div>\n\t\t\t\t<div class=\"elementor-element elementor-element-d960312 animation_type_block sc_fly_static elementor-invisible elementor-widget elementor-widget-trx_sc_title\" data-id=\"d960312\" data-element_type=\"widget\" data-settings=\"{&quot;_animation&quot;:&quot;detailx-fadeinup&quot;}\" data-widget_type=\"trx_sc_title.default\">\n\t\t\t\t<div class=\"elementor-widget-container\">\n\t\t\t<div\t\tclass=\"sc_title sc_title_default\" ><span class=\"sc_item_subtitle sc_title_subtitle sc_item_subtitle_above sc_item_title_style_default\">mtd garage<\/span><h1 class=\"sc_item_title sc_title_title sc_item_title_style_default sc_item_title_tag\"\n\t\t\t><span class=\"sc_item_title_text\">Hizmetlerimiz<\/span><\/h1><\/div>\t\t<\/div>\n\t\t\t\t<\/div>\n\t\t\t\t<div class=\"elementor-element elementor-element-bd02e44 sc_fly_static elementor-widget elementor-widget-spacer\" data-id=\"bd02e44\" data-element_type=\"widget\" data-widget_type=\"spacer.default\">\n\t\t\t\t<div class=\"elementor-widget-container\">\n\t\t\t\t\t<div class=\"elementor-spacer\">\n\t\t\t<div class=\"elementor-spacer-inner\"><\/div>\n\t\t<\/div>\n\t\t\t\t<\/div>\n\t\t\t\t<\/div>\n\t\t\t\t<div class=\"elementor-element elementor-element-744b7a2 animation_type_block sc_fly_static elementor-invisible elementor-widget elementor-widget-text-editor\" data-id=\"744b7a2\" data-element_type=\"widget\" data-settings=\"{&quot;_animation&quot;:&quot;detailx-fadeinup&quot;,&quot;_animation_delay&quot;:100}\" data-widget_type=\"text-editor.default\">\n\t\t\t\t<div class=\"elementor-widget-container\">\n\t\t\t\t\t\t\t<p>MTD GARAGE ailesi olarak otomotiv d\u00fcnyas\u0131na tutku ve uzmanl\u0131kla ba\u011fl\u0131 bir ekibiz.<\/p>\t\t\t\t\t\t<\/div>\n\t\t\t\t<\/div>\n\t\t\t\t<div class=\"elementor-element elementor-element-fe10446 sc_fly_static elementor-widget elementor-widget-spacer\" data-id=\"fe10446\" data-element_type=\"widget\" data-widget_type=\"spacer.default\">\n\t\t\t\t<div class=\"elementor-widget-container\">\n\t\t\t\t\t<div class=\"elementor-spacer\">\n\t\t\t<div class=\"elementor-spacer-inner\"><\/div>\n\t\t<\/div>\n\t\t\t\t<\/div>\n\t\t\t\t<\/div>\n\t\t\t\t<div class=\"elementor-element elementor-element-0dd6470 animation_type_block sc_fly_static elementor-invisible elementor-widget elementor-widget-text-editor\" data-id=\"0dd6470\" data-element_type=\"widget\" data-settings=\"{&quot;_animation&quot;:&quot;detailx-fadeinup&quot;,&quot;_animation_delay&quot;:200}\" data-widget_type=\"text-editor.default\">\n\t\t\t\t<div class=\"elementor-widget-container\">\n\t\t\t\t\t\t\t<ul class=\"trx_addons_list_success\"><li><strong>Ekspres Ya\u011f Bak\u0131m\u0131<\/strong><\/li><li><strong>Ar\u0131za Tespiti ve Diagnoz Ba\u011flant\u0131s\u0131<\/strong><\/li><li><strong>Y\u00fcr\u00fcr Aksam Kontrol ve Onar\u0131m\u0131<\/strong><\/li><li><strong>Oto Aksesuar<\/strong><\/li><li><strong>Ses ve G\u00f6r\u00fcnt\u00fc Sistemleri<\/strong><\/li><li><strong>LED Ambiyans Ayd\u0131nlatma<\/strong><\/li><li><strong>LED, Xenon, Photon Sat\u0131\u015f Noktas\u0131<\/strong><\/li><li><strong>\u0130\u00e7 D\u0131\u015f Detayl\u0131 Bas\u0131n\u00e7l\u0131 Buharl\u0131 Y\u0131kama<\/strong><\/li><li><strong>Bakteri Dezenfeksiyonu ve Ozon Temizli\u011fi<\/strong><\/li><li><strong>Cam Filmi<\/strong><\/li><li><strong>Folyo Kaplama ve Ara\u00e7 Renk De\u011fi\u015fimi<\/strong><\/li><\/ul>\t\t\t\t\t\t<\/div>\n\t\t\t\t<\/div>\n\t\t\t\t<div class=\"elementor-element elementor-element-894310f sc_layouts_hide_on_tablet sc_layouts_hide_on_mobile sc_fly_static elementor-widget elementor-widget-spacer\" data-id=\"894310f\" data-element_type=\"widget\" data-widget_type=\"spacer.default\">\n\t\t\t\t<div class=\"elementor-widget-container\">\n\t\t\t\t\t<div class=\"elementor-spacer\">\n\t\t\t<div class=\"elementor-spacer-inner\"><\/div>\n\t\t<\/div>\n\t\t\t\t<\/div>\n\t\t\t\t<\/div>\n\t\t\t\t<div class=\"elementor-element elementor-element-0860851 sc_layouts_hide_on_wide sc_layouts_hide_on_desktop sc_layouts_hide_on_notebook sc_fly_static elementor-widget elementor-widget-spacer\" data-id=\"0860851\" data-element_type=\"widget\" data-widget_type=\"spacer.default\">\n\t\t\t\t<div class=\"elementor-widget-container\">\n\t\t\t\t\t<div class=\"elementor-spacer\">\n\t\t\t<div class=\"elementor-spacer-inner\"><\/div>\n\t\t<\/div>\n\t\t\t\t<\/div>\n\t\t\t\t<\/div>\n\t\t\t\t<div class=\"elementor-element elementor-element-65ec118 sc_layouts_hide_on_tablet sc_layouts_hide_on_mobile sc_fly_static elementor-widget elementor-widget-spacer\" data-id=\"65ec118\" data-element_type=\"widget\" data-widget_type=\"spacer.default\">\n\t\t\t\t<div class=\"elementor-widget-container\">\n\t\t\t\t\t<div class=\"elementor-spacer\">\n\t\t\t<div class=\"elementor-spacer-inner\"><\/div>\n\t\t<\/div>\n\t\t\t\t<\/div>\n\t\t\t\t<\/div>\n\t\t\t\t<div class=\"elementor-element elementor-element-a38cde7 sc_height_huge sc_layouts_hide_on_wide sc_layouts_hide_on_desktop sc_layouts_hide_on_notebook sc_fly_static elementor-widget elementor-widget-spacer\" data-id=\"a38cde7\" data-element_type=\"widget\" data-widget_type=\"spacer.default\">\n\t\t\t\t<div class=\"elementor-widget-container\">\n\t\t\t\t\t<div class=\"elementor-spacer\">\n\t\t\t<div class=\"elementor-spacer-inner\"><\/div>\n\t\t<\/div>\n\t\t\t\t<\/div>\n\t\t\t\t<\/div>\n\t\t\t\t\t<\/div>\n\t\t<\/div>\n\t\t\t\t\t\t\t<\/div>\n\t\t<\/section>\n\t\t\t\t<section class=\"elementor-section elementor-top-section elementor-element elementor-element-6cf31fb elementor-section-boxed elementor-section-height-default elementor-section-height-default sc_fly_static\" data-id=\"6cf31fb\" data-element_type=\"section\">\n\t\t\t\t\t\t<div class=\"elementor-container elementor-column-gap-extended\">\n\t\t\t\t\t<div class=\"elementor-column elementor-col-100 elementor-top-column elementor-element elementor-element-39bec54 sc_inner_width_none sc_content_align_inherit sc_layouts_column_icons_position_left sc_fly_static\" data-id=\"39bec54\" data-element_type=\"column\">\n\t\t\t<div class=\"elementor-widget-wrap elementor-element-populated\">\n\t\t\t\t\t\t\t\t<div class=\"elementor-element elementor-element-8b7e98a sc_height_huge sc_fly_static elementor-widget elementor-widget-spacer\" data-id=\"8b7e98a\" data-element_type=\"widget\" data-widget_type=\"spacer.default\">\n\t\t\t\t<div class=\"elementor-widget-container\">\n\t\t\t\t\t<div class=\"elementor-spacer\">\n\t\t\t<div class=\"elementor-spacer-inner\"><\/div>\n\t\t<\/div>\n\t\t\t\t<\/div>\n\t\t\t\t<\/div>\n\t\t\t\t<div class=\"elementor-element elementor-element-96c6b17 sc_fly_static elementor-widget elementor-widget-trx_sc_title\" data-id=\"96c6b17\" data-element_type=\"widget\" data-widget_type=\"trx_sc_title.default\">\n\t\t\t\t<div class=\"elementor-widget-container\">\n\t\t\t<div\t\tclass=\"sc_title sc_title_default\" ><span class=\"sc_item_subtitle sc_title_subtitle sc_align_center sc_item_subtitle_above sc_item_title_style_default\">MTD GARAGE olarak<\/span><h1 class=\"sc_item_title sc_title_title sc_align_center sc_item_title_style_default sc_item_title_tag\"\n\t\t\t><span class=\"sc_item_title_text\">Merkez Mahallesi'nde, Spor Sokak No:8A'da konumlanm\u0131\u015f bulunmaktay\u0131z ve Avc\u0131lar, \u0130stanbul'da ara\u00e7lar\u0131n\u0131z\u0131n ihtiya\u00e7lar\u0131na \u00e7\u00f6z\u00fcm sunmak i\u00e7in buraday\u0131z<\/span><\/h1><\/div>\t\t<\/div>\n\t\t\t\t<\/div>\n\t\t\t\t<div class=\"elementor-element elementor-element-fb6a4ef sc_fly_static elementor-widget elementor-widget-spacer\" data-id=\"fb6a4ef\" data-element_type=\"widget\" data-widget_type=\"spacer.default\">\n\t\t\t\t<div class=\"elementor-widget-container\">\n\t\t\t\t\t<div class=\"elementor-spacer\">\n\t\t\t<div class=\"elementor-spacer-inner\"><\/div>\n\t\t<\/div>\n\t\t\t\t<\/div>\n\t\t\t\t<\/div>\n\t\t\t\t<div class=\"elementor-element elementor-element-86f487d sc_fly_static elementor-widget elementor-widget-heading\" data-id=\"86f487d\" data-element_type=\"widget\" data-widget_type=\"heading.default\">\n\t\t\t\t<div class=\"elementor-widget-container\">\n\t\t\t<h6 class=\"elementor-heading-title elementor-size-default\">Mehmet g\u00fcne\u015f<\/h6>\t\t<\/div>\n\t\t\t\t<\/div>\n\t\t\t\t<div class=\"elementor-element elementor-element-151a953 sc_fly_static elementor-widget elementor-widget-spacer\" data-id=\"151a953\" data-element_type=\"widget\" data-widget_type=\"spacer.default\">\n\t\t\t\t<div class=\"elementor-widget-container\">\n\t\t\t\t\t<div class=\"elementor-spacer\">\n\t\t\t<div class=\"elementor-spacer-inner\"><\/div>\n\t\t<\/div>\n\t\t\t\t<\/div>\n\t\t\t\t<\/div>\n\t\t\t\t<div class=\"elementor-element elementor-element-fda8fd0 sc_fly_static elementor-widget elementor-widget-text-editor\" data-id=\"fda8fd0\" data-element_type=\"widget\" data-widget_type=\"text-editor.default\">\n\t\t\t\t<div class=\"elementor-widget-container\">\n\t\t\t\t\t\t\t<p style=\"text-align: center;\">0530 569 5911 &#8211; 0534 353 0337<\/p>\t\t\t\t\t\t<\/div>\n\t\t\t\t<\/div>\n\t\t\t\t<div class=\"elementor-element elementor-element-520c11e sc_height_huge sc_fly_static elementor-widget elementor-widget-spacer\" data-id=\"520c11e\" data-element_type=\"widget\" data-widget_type=\"spacer.default\">\n\t\t\t\t<div class=\"elementor-widget-container\">\n\t\t\t\t\t<div class=\"elementor-spacer\">\n\t\t\t<div class=\"elementor-spacer-inner\"><\/div>\n\t\t<\/div>\n\t\t\t\t<\/div>\n\t\t\t\t<\/div>\n\t\t\t\t\t<\/div>\n\t\t<\/div>\n\t\t\t\t\t\t\t<\/div>\n\t\t<\/section>\n\t\t\t\t<section class=\"elementor-section elementor-top-section elementor-element elementor-element-06b374a elementor-section-full_width elementor-section-content-middle scheme_dark elementor-section-height-default elementor-section-height-default sc_fly_static\" data-id=\"06b374a\" data-element_type=\"section\" data-settings=\"{&quot;background_background&quot;:&quot;classic&quot;}\">\n\t\t\t\t\t\t\t<div class=\"elementor-background-overlay\"><\/div>\n\t\t\t\t\t\t\t<div class=\"elementor-container elementor-column-gap-no\">\n\t\t\t\t\t<div class=\"elementor-column elementor-col-100 elementor-top-column elementor-element elementor-element-1c55571 sc_inner_width_none sc_content_align_inherit sc_layouts_column_icons_position_left sc_fly_static\" data-id=\"1c55571\" data-element_type=\"column\">\n\t\t\t<div class=\"elementor-widget-wrap elementor-element-populated\">\n\t\t\t\t\t\t\t\t<div class=\"elementor-element elementor-element-4e81b99 sc_fly_static elementor-widget elementor-widget-trx_sc_hotspot\" data-id=\"4e81b99\" data-element_type=\"widget\" data-widget_type=\"trx_sc_hotspot.default\">\n\t\t\t\t<div class=\"elementor-widget-container\">\n\t\t\t<div  \n\t\t\tclass=\"sc_hotspot sc_hotspot_default\" ><div class=\"sc_hotspot_content sc_item_content\" ><img decoding=\"async\" src=\"\/\/atropena.com\/mtd\/wp-content\/uploads\/2023\/12\/aracfooter.jpg\" class=\"sc_hotspot_image\" alt=\"Hotspot image\" width=\"2408\" height=\"1360\" \/><div class=\"sc_hotspot_item sc_hotspot_item_symbol_none sc_hotspot_item_open_hover sc_hotspot_item_visible_always\"\n\t\t\t\t\t\t\tstyle=\"left:24.7%;top:48.3%;\"\n\t\t\t\t\t\t\ttabindex=\"-1\" >\n\t\t\t\t\t\t<span class=\"sc_hotspot_item_sonar\" style=\"background-color: #FFFFFF\"><\/span>\n\t\t\t\t\t\t<span class=\"sc_hotspot_item_icon sc_hotspot_item_icon_type_none \" style=\"background-color:#FFFFFF;\"><span class=\"sc_icon_type_none \"><\/span><\/span>\n\t\t\t\t\t\t<div class=\"sc_hotspot_item_popup sc_hotspot_item_popup_tc sc_hotspot_item_popup_align_center\"><h5 class=\"sc_hotspot_item_title\"><span>Custom hood<\/span><\/h5><\/div>\n\n\t\t\t\t\t<\/div><div class=\"sc_hotspot_item sc_hotspot_item_symbol_none sc_hotspot_item_open_hover sc_hotspot_item_visible_always\"\n\t\t\t\t\t\t\tstyle=\"left:25.3%;top:64.7%;\"\n\t\t\t\t\t\t\ttabindex=\"-1\" >\n\t\t\t\t\t\t<span class=\"sc_hotspot_item_sonar\" style=\"background-color: #FFFFFF\"><\/span>\n\t\t\t\t\t\t<span class=\"sc_hotspot_item_icon sc_hotspot_item_icon_type_none \" style=\"background-color:#FFFFFF;\"><span class=\"sc_icon_type_none \"><\/span><\/span>\n\t\t\t\t\t\t<div class=\"sc_hotspot_item_popup sc_hotspot_item_popup_tc sc_hotspot_item_popup_align_center\"><h5 class=\"sc_hotspot_item_title\"><span>Front bumper<\/span><\/h5><\/div>\n\n\t\t\t\t\t<\/div><div class=\"sc_hotspot_item sc_hotspot_item_symbol_none sc_hotspot_item_open_hover sc_hotspot_item_visible_always\"\n\t\t\t\t\t\t\tstyle=\"left:39.9%;top:51.8%;\"\n\t\t\t\t\t\t\ttabindex=\"-1\" >\n\t\t\t\t\t\t<span class=\"sc_hotspot_item_sonar\" style=\"background-color: #FFFFFF\"><\/span>\n\t\t\t\t\t\t<span class=\"sc_hotspot_item_icon sc_hotspot_item_icon_type_none \" style=\"background-color:#FFFFFF;\"><span class=\"sc_icon_type_none \"><\/span><\/span>\n\t\t\t\t\t\t<div class=\"sc_hotspot_item_popup sc_hotspot_item_popup_tc sc_hotspot_item_popup_align_center\"><h5 class=\"sc_hotspot_item_title\"><span>Wheel arch<\/span><\/h5><\/div>\n\n\t\t\t\t\t<\/div><div class=\"sc_hotspot_item sc_hotspot_item_symbol_none sc_hotspot_item_open_hover sc_hotspot_item_visible_always\"\n\t\t\t\t\t\t\tstyle=\"left:50.9%;top:69.5%;\"\n\t\t\t\t\t\t\ttabindex=\"-1\" >\n\t\t\t\t\t\t<span class=\"sc_hotspot_item_sonar\" style=\"background-color: #FFFFFF\"><\/span>\n\t\t\t\t\t\t<span class=\"sc_hotspot_item_icon sc_hotspot_item_icon_type_none \" style=\"background-color:#FFFFFF;\"><span class=\"sc_icon_type_none \"><\/span><\/span>\n\t\t\t\t\t\t<div class=\"sc_hotspot_item_popup sc_hotspot_item_popup_tc sc_hotspot_item_popup_align_center\"><h5 class=\"sc_hotspot_item_title\"><span>Side skirt<\/span><\/h5><\/div>\n\n\t\t\t\t\t<\/div><div class=\"sc_hotspot_item sc_hotspot_item_symbol_none sc_hotspot_item_open_hover sc_hotspot_item_visible_always\"\n\t\t\t\t\t\t\tstyle=\"left:78.95%;top:60.58%;\"\n\t\t\t\t\t\t\ttabindex=\"-1\" >\n\t\t\t\t\t\t<span class=\"sc_hotspot_item_sonar\" style=\"background-color: #FFFFFF\"><\/span>\n\t\t\t\t\t\t<span class=\"sc_hotspot_item_icon sc_hotspot_item_icon_type_none \" style=\"background-color:#FFFFFF;\"><span class=\"sc_icon_type_none \"><\/span><\/span>\n\t\t\t\t\t\t<div class=\"sc_hotspot_item_popup sc_hotspot_item_popup_tc sc_hotspot_item_popup_align_center\"><h5 class=\"sc_hotspot_item_title\"><span>Custom rim<\/span><\/h5><\/div>\n\n\t\t\t\t\t<\/div><div class=\"sc_hotspot_item sc_hotspot_item_symbol_none sc_hotspot_item_open_hover sc_hotspot_item_visible_always\"\n\t\t\t\t\t\t\tstyle=\"left:83.95%;top:44.6%;\"\n\t\t\t\t\t\t\ttabindex=\"-1\" >\n\t\t\t\t\t\t<span class=\"sc_hotspot_item_sonar\" style=\"background-color: #FFFFFF\"><\/span>\n\t\t\t\t\t\t<span class=\"sc_hotspot_item_icon sc_hotspot_item_icon_type_none \" style=\"background-color:#FFFFFF;\"><span class=\"sc_icon_type_none \"><\/span><\/span>\n\t\t\t\t\t\t<div class=\"sc_hotspot_item_popup sc_hotspot_item_popup_tc sc_hotspot_item_popup_align_center\"><h5 class=\"sc_hotspot_item_title\"><span>Spoiler<\/span><\/h5><\/div>\n\n\t\t\t\t\t<\/div><div class=\"sc_hotspot_item sc_hotspot_item_symbol_none sc_hotspot_item_open_hover sc_hotspot_item_visible_always\"\n\t\t\t\t\t\t\tstyle=\"left:75.55%;top:40.2%;\"\n\t\t\t\t\t\t\ttabindex=\"-1\" >\n\t\t\t\t\t\t<span class=\"sc_hotspot_item_sonar\" style=\"background-color: #FFFFFF\"><\/span>\n\t\t\t\t\t\t<span class=\"sc_hotspot_item_icon sc_hotspot_item_icon_type_none \" style=\"background-color:#FFFFFF;\"><span class=\"sc_icon_type_none \"><\/span><\/span>\n\t\t\t\t\t\t<div class=\"sc_hotspot_item_popup sc_hotspot_item_popup_tc sc_hotspot_item_popup_align_center\"><h5 class=\"sc_hotspot_item_title\"><span>Body paint<\/span><\/h5><\/div>\n\n\t\t\t\t\t<\/div><\/div><\/div>\t\t<\/div>\n\t\t\t\t<\/div>\n\t\t\t\t<section class=\"elementor-section elementor-inner-section elementor-element elementor-element-6ab3b63 sc_fly_mc sc-mobile_fly_static elementor-section-boxed elementor-section-height-default elementor-section-height-default animation_type_block elementor-invisible\" data-id=\"6ab3b63\" data-element_type=\"section\" data-settings=\"{&quot;animation&quot;:&quot;detailx-fadein&quot;}\">\n\t\t\t\t\t\t<div class=\"elementor-container elementor-column-gap-extended\">\n\t\t\t\t\t<div class=\"elementor-column elementor-col-100 elementor-inner-column elementor-element elementor-element-123ef0e sc_inner_width_none sc_content_align_inherit sc_layouts_column_icons_position_left sc_fly_static\" data-id=\"123ef0e\" data-element_type=\"column\">\n\t\t\t<div class=\"elementor-widget-wrap elementor-element-populated\">\n\t\t\t\t\t\t\t\t<div class=\"elementor-element elementor-element-9db345c sc_fly_static elementor-widget elementor-widget-trx_sc_title\" data-id=\"9db345c\" data-element_type=\"widget\" data-widget_type=\"trx_sc_title.default\">\n\t\t\t\t<div class=\"elementor-widget-container\">\n\t\t\t<div\t\tclass=\"sc_title color_style_dark sc_title_default\" ><span class=\"sc_item_subtitle sc_title_subtitle sc_item_subtitle_above sc_item_title_style_default\">MTD GARAGE<\/span><h1 class=\"sc_item_title sc_title_title sc_item_title_style_default sc_item_title_tag\"\n\t\t\t><span class=\"sc_item_title_text\">geni\u015f hizmet yelpazesi ile arac\u0131n\u0131z\u0131 en iyi \u015fekilde bak\u0131m ve onar\u0131m\u0131n\u0131 ger\u00e7ekle\u015ftiriyoruz<\/span><\/h1><\/div>\t\t<\/div>\n\t\t\t\t<\/div>\n\t\t\t\t<div class=\"elementor-element elementor-element-a70cc1c sc_height_large sc_layouts_hide_on_wide sc_layouts_hide_on_desktop sc_layouts_hide_on_notebook sc_layouts_hide_on_tablet sc_fly_static elementor-widget elementor-widget-spacer\" data-id=\"a70cc1c\" data-element_type=\"widget\" data-widget_type=\"spacer.default\">\n\t\t\t\t<div class=\"elementor-widget-container\">\n\t\t\t\t\t<div class=\"elementor-spacer\">\n\t\t\t<div class=\"elementor-spacer-inner\"><\/div>\n\t\t<\/div>\n\t\t\t\t<\/div>\n\t\t\t\t<\/div>\n\t\t\t\t\t<\/div>\n\t\t<\/div>\n\t\t\t\t\t\t\t<\/div>\n\t\t<\/section>\n\t\t\t\t\t<\/div>\n\t\t<\/div>\n\t\t\t\t\t\t\t<\/div>\n\t\t<\/section>\n\t\t\t\t\t\t\t<\/div>\n\t\t","protected":false},"excerpt":{"rendered":"<p>mtd garage Hizmetlerimiz MTD GARAGE ailesi olarak otomotiv d\u00fcnyas\u0131na tutku ve uzmanl\u0131kla ba\u011fl\u0131 bir ekibiz. Ekspres Ya\u011f Bak\u0131m\u0131 Ar\u0131za Tespiti ve Diagnoz Ba\u011flant\u0131s\u0131 Y\u00fcr\u00fcr Aksam Kontrol ve Onar\u0131m\u0131 Oto Aksesuar&hellip;<\/p>\n","protected":false},"author":1,"featured_media":0,"parent":0,"menu_order":0,"comment_status":"closed","ping_status":"closed","template":"","meta":{"_joinchat":[],"footnotes":""},"class_list":["post-3997","page","type-page","status-publish","hentry"],"_links":{"self":[{"href":"https:\/\/atropena.com\/mtd\/wp-json\/wp\/v2\/pages\/3997","targetHints":{"allow":["GET"]}}],"collection":[{"href":"https:\/\/atropena.com\/mtd\/wp-json\/wp\/v2\/pages"}],"about":[{"href":"https:\/\/atropena.com\/mtd\/wp-json\/wp\/v2\/types\/page"}],"author":[{"embeddable":true,"href":"https:\/\/atropena.com\/mtd\/wp-json\/wp\/v2\/users\/1"}],"replies":[{"embeddable":true,"href":"https:\/\/atropena.com\/mtd\/wp-json\/wp\/v2\/comments?post=3997"}],"version-history":[{"count":25,"href":"https:\/\/atropena.com\/mtd\/wp-json\/wp\/v2\/pages\/3997\/revisions"}],"predecessor-version":[{"id":30872,"href":"https:\/\/atropena.com\/mtd\/wp-json\/wp\/v2\/pages\/3997\/revisions\/30872"}],"wp:attachment":[{"href":"https:\/\/atropena.com\/mtd\/wp-json\/wp\/v2\/media?parent=3997"}],"curies":[{"name":"wp","href":"https:\/\/api.w.org\/{rel}","templated":true}]}}