{"id":87,"date":"2020-09-22T03:12:31","date_gmt":"2020-09-22T03:12:31","guid":{"rendered":"https:\/\/shtheme.org\/demosd\/miker\/?page_id=87"},"modified":"2021-05-11T13:39:58","modified_gmt":"2021-05-11T10:39:58","slug":"portfolio","status":"publish","type":"page","link":"https:\/\/atropena.com\/epicframestudio\/portfolio\/","title":{"rendered":"PORTFOLIO"},"content":{"rendered":"\t\t<div data-elementor-type=\"wp-page\" data-elementor-id=\"87\" class=\"elementor elementor-87\" data-elementor-settings=\"[]\">\n\t\t\t\t\t\t<div class=\"elementor-inner\">\n\t\t\t\t\t\t\t<div class=\"elementor-section-wrap\">\n\t\t\t\t\t\t\t<section class=\"elementor-section elementor-top-section elementor-element elementor-element-7c94b3b elementor-section-full_width elementor-section-height-default elementor-section-height-default\" data-id=\"7c94b3b\" data-element_type=\"section\">\n\t\t\t\t\t\t<div class=\"elementor-container elementor-column-gap-no\">\n\t\t\t\t\t\t\t<div class=\"elementor-row\">\n\t\t\t\t\t<div class=\"elementor-column elementor-col-100 elementor-top-column elementor-element elementor-element-fbb6342\" data-id=\"fbb6342\" data-element_type=\"column\">\n\t\t\t<div class=\"elementor-column-wrap elementor-element-populated\">\n\t\t\t\t\t\t\t<div class=\"elementor-widget-wrap\">\n\t\t\t\t\t\t<div class=\"elementor-element elementor-element-8a3b781 elementor-align-left elementor-widget elementor-widget-bdevs-banner \" data-id=\"8a3b781\" data-element_type=\"widget\" data-widget_type=\"bdevs-banner .default\">\n\t\t\t\t<div class=\"elementor-widget-container\">\n\t\t\t \r\n<div class=\"page--area page--height pos-relative fix d-flex align-items-center\" data-background=\"http:\/\/atropena.com\/epicframestudio\/wp-content\/uploads\/2021\/05\/projeler4-1.jpg\" data-overlay=\"pure-black\" data-opacity=\"8\">\r\n\t\t        <div class=\"slider--text page--stroke stroke\">\r\n            <span class=\"stroke--title paroller\" data-paroller-factor=\"0.15\" data-paroller-factor-lg=\"0.15\" data-paroller-factor-md=\"0.15\" data-paroller-factor-sm=\"0.15\" data-paroller-type=\"foreground\" data-paroller-direction=\"horizontal\">EPIC <br> FRAME<\/span>\r\n        <\/div>\r\n        \t\r\n        <div class=\"container\">\r\n            <div class=\"row align-items-center\">\r\n                <div class=\"col-sm-12 text-center\">\r\n                    <div class=\"page--title\">\r\n                        <h1 class=\"white-color fw-700 wow fadeInDown animated\" data-wow-duration=\"1s\" data-wow-delay=\".5s\">PORTFOLIO<\/h1>\r\n                    <\/div>\r\n                    <div class=\"breadcrumb-list wow fadeInDown animated\" data-wow-duration=\"1.5s\" data-wow-delay=\".5s\">\r\n                        <ul>\r\n                            <li><a href=\"https:\/\/atropena.com\/epicframestudio\/\">Anasayfa<\/a><\/li>\r\n                            <li>PORTFOLIO<\/li>\r\n                        <\/ul>\r\n                    <\/div>\r\n                <\/div>\r\n            <\/div>\r\n        <\/div>\r\n    <\/div>\r\n\t\t\t<\/div>\n\t\t\t\t<\/div>\n\t\t\t\t\t\t<\/div>\n\t\t\t\t\t<\/div>\n\t\t<\/div>\n\t\t\t\t\t\t\t\t<\/div>\n\t\t\t\t\t<\/div>\n\t\t<\/section>\n\t\t\t\t<section class=\"elementor-section elementor-top-section elementor-element elementor-element-fb797be elementor-section-full_width elementor-section-height-default elementor-section-height-default\" data-id=\"fb797be\" data-element_type=\"section\">\n\t\t\t\t\t\t<div class=\"elementor-container elementor-column-gap-no\">\n\t\t\t\t\t\t\t<div class=\"elementor-row\">\n\t\t\t\t\t<div class=\"elementor-column elementor-col-100 elementor-top-column elementor-element elementor-element-733fd30\" data-id=\"733fd30\" data-element_type=\"column\">\n\t\t\t<div class=\"elementor-column-wrap elementor-element-populated\">\n\t\t\t\t\t\t\t<div class=\"elementor-widget-wrap\">\n\t\t\t\t\t\t<div class=\"elementor-element elementor-element-2d74334 elementor-align-left elementor-widget elementor-widget-bdevs-projects4\" data-id=\"2d74334\" data-element_type=\"widget\" data-widget_type=\"bdevs-projects4.default\">\n\t\t\t\t<div class=\"elementor-widget-container\">\n\t\t\t \r\n \r\n<section class=\"movie--list pb-100 pt-130\">\r\n        <div class=\"container\">\r\n            <div class=\"row\">\r\n            \t\t\t\t\t\t\t\t\t\t\t\t\t                <div class=\"col-lg-4 col-md-6 mb-40\">\r\n                    <div class=\"project--block\">\r\n                        <div class=\"project--thumb position-relative fix\">\r\n                            <a href=\"https:\/\/atropena.com\/epicframestudio\/project\/yavuz-zamanin-iskenderi\/\"><img src=\"https:\/\/atropena.com\/epicframestudio\/wp-content\/uploads\/2020\/11\/YavuzSultanSelim-1.png\"\r\n                                    alt=\"\"><\/a>\r\n                            <div class=\"slider--videos\">\r\n                                <span> <a class=\"popup-video\"\r\n                                        href=\"https:\/\/vimeo.com\/545739730\" tabindex=\"0\"><i\r\n                                            class=\"fas fa-play\"><\/i><\/a><\/span>\r\n                            <\/div>\r\n                        <\/div>\r\n                        <div class=\"project--content\">\r\n                            <h4><a href=\"https:\/\/atropena.com\/epicframestudio\/project\/yavuz-zamanin-iskenderi\/\">YAVUZ ZAMANIN \u0130SKENDER\u0130<\/a><\/h4>\r\n                            <p class=\"fw-600\">S\u0130NEMA F\u0130LM\u0130<\/p>\r\n                        <\/div>\r\n                    <\/div>\r\n                <\/div>\r\n                \t\t\t\t\t\t\t\t\t\t\t\t                <div class=\"col-lg-4 col-md-6 mb-40\">\r\n                    <div class=\"project--block\">\r\n                        <div class=\"project--thumb position-relative fix\">\r\n                            <a href=\"https:\/\/atropena.com\/epicframestudio\/project\/zorbalik-simdi-cevrimici\/\"><img src=\"https:\/\/atropena.com\/epicframestudio\/wp-content\/uploads\/2020\/11\/epicframe-proje-1.jpg\"\r\n                                    alt=\"\"><\/a>\r\n                            <div class=\"slider--videos\">\r\n                                <span> <a class=\"popup-video\"\r\n                                        href=\"https:\/\/vimeo.com\/545738948\" tabindex=\"0\"><i\r\n                                            class=\"fas fa-play\"><\/i><\/a><\/span>\r\n                            <\/div>\r\n                        <\/div>\r\n                        <div class=\"project--content\">\r\n                            <h4><a href=\"https:\/\/atropena.com\/epicframestudio\/project\/zorbalik-simdi-cevrimici\/\">ZORBALIK \u015e\u0130MD\u0130 \u00c7EVR\u0130M\u0130\u00c7\u0130<\/a><\/h4>\r\n                            <p class=\"fw-600\">KAMU SPOTU<\/p>\r\n                        <\/div>\r\n                    <\/div>\r\n                <\/div>\r\n                \t\t\t\t\t\t\t\t\t\t\t\t                <div class=\"col-lg-4 col-md-6 mb-40\">\r\n                    <div class=\"project--block\">\r\n                        <div class=\"project--thumb position-relative fix\">\r\n                            <a href=\"https:\/\/atropena.com\/epicframestudio\/project\/yavuz-adaletin-kilici-vfx\/\"><img src=\"https:\/\/atropena.com\/epicframestudio\/wp-content\/uploads\/2020\/11\/epicframe-yavuzfilmi-vfx.jpg\"\r\n                                    alt=\"\"><\/a>\r\n                            <div class=\"slider--videos\">\r\n                                <span> <a class=\"popup-video\"\r\n                                        href=\"https:\/\/vimeo.com\/545739551\" tabindex=\"0\"><i\r\n                                            class=\"fas fa-play\"><\/i><\/a><\/span>\r\n                            <\/div>\r\n                        <\/div>\r\n                        <div class=\"project--content\">\r\n                            <h4><a href=\"https:\/\/atropena.com\/epicframestudio\/project\/yavuz-adaletin-kilici-vfx\/\">Yavuz Adaletin K\u0131l\u0131c\u0131 &#8211; VFX<\/a><\/h4>\r\n                            <p class=\"fw-600\">VFX<\/p>\r\n                        <\/div>\r\n                    <\/div>\r\n                <\/div>\r\n                \t\t\t\t\t\t\t\t\t\t\t\t                <div class=\"col-lg-4 col-md-6 mb-40\">\r\n                    <div class=\"project--block\">\r\n                        <div class=\"project--thumb position-relative fix\">\r\n                            <a href=\"https:\/\/atropena.com\/epicframestudio\/project\/reis-i-cumhur-belgeseli\/\"><img src=\"https:\/\/atropena.com\/epicframestudio\/wp-content\/uploads\/2020\/11\/epicframe-proje-reisicumhur.jpg\"\r\n                                    alt=\"\"><\/a>\r\n                            <div class=\"slider--videos\">\r\n                                <span> <a class=\"popup-video\"\r\n                                        href=\"https:\/\/vimeo.com\/545739318\" tabindex=\"0\"><i\r\n                                            class=\"fas fa-play\"><\/i><\/a><\/span>\r\n                            <\/div>\r\n                        <\/div>\r\n                        <div class=\"project--content\">\r\n                            <h4><a href=\"https:\/\/atropena.com\/epicframestudio\/project\/reis-i-cumhur-belgeseli\/\">Re\u0130s-\u0130 Cumhur Belgesel\u0130<\/a><\/h4>\r\n                            <p class=\"fw-600\">BELGESEL<\/p>\r\n                        <\/div>\r\n                    <\/div>\r\n                <\/div>\r\n                \t\t\t\t\t\t\t\t\t\t\t\t                <div class=\"col-lg-4 col-md-6 mb-40\">\r\n                    <div class=\"project--block\">\r\n                        <div class=\"project--thumb position-relative fix\">\r\n                            <a href=\"https:\/\/atropena.com\/epicframestudio\/project\/epicframe-showreel\/\"><img src=\"https:\/\/atropena.com\/epicframestudio\/wp-content\/uploads\/2020\/11\/PROJE-EPICFRAMESHOWREEL.jpg\"\r\n                                    alt=\"\"><\/a>\r\n                            <div class=\"slider--videos\">\r\n                                <span> <a class=\"popup-video\"\r\n                                        href=\"https:\/\/vimeo.com\/545739166\" tabindex=\"0\"><i\r\n                                            class=\"fas fa-play\"><\/i><\/a><\/span>\r\n                            <\/div>\r\n                        <\/div>\r\n                        <div class=\"project--content\">\r\n                            <h4><a href=\"https:\/\/atropena.com\/epicframestudio\/project\/epicframe-showreel\/\">Epicframe ShowReel<\/a><\/h4>\r\n                            <p class=\"fw-600\">SHOWREEL<\/p>\r\n                        <\/div>\r\n                    <\/div>\r\n                <\/div>\r\n                \t\t\t\t\t\t\t\t\t\t\t\t                <div class=\"col-lg-4 col-md-6 mb-40\">\r\n                    <div class=\"project--block\">\r\n                        <div class=\"project--thumb position-relative fix\">\r\n                            <a href=\"https:\/\/atropena.com\/epicframestudio\/project\/trt-uluslararasi-cocuk-medyasi-konferansi\/\"><img src=\"https:\/\/atropena.com\/epicframestudio\/wp-content\/uploads\/2020\/11\/epicframe-proje-trt-uluslararasi-cocuk-medyasi-konferansi.jpg\"\r\n                                    alt=\"\"><\/a>\r\n                            <div class=\"slider--videos\">\r\n                                <span> <a class=\"popup-video\"\r\n                                        href=\"https:\/\/vimeo.com\/545739408\" tabindex=\"0\"><i\r\n                                            class=\"fas fa-play\"><\/i><\/a><\/span>\r\n                            <\/div>\r\n                        <\/div>\r\n                        <div class=\"project--content\">\r\n                            <h4><a href=\"https:\/\/atropena.com\/epicframestudio\/project\/trt-uluslararasi-cocuk-medyasi-konferansi\/\">TRT Uluslararas\u0131 \u00c7ocuk Medyas\u0131 Konferans\u0131<\/a><\/h4>\r\n                            <p class=\"fw-600\">KAMU SPOTU<\/p>\r\n                        <\/div>\r\n                    <\/div>\r\n                <\/div>\r\n                \t\t\t\t\t\t\t\t\t\t\t\t                <div class=\"col-lg-4 col-md-6 mb-40\">\r\n                    <div class=\"project--block\">\r\n                        <div class=\"project--thumb position-relative fix\">\r\n                            <a href=\"https:\/\/atropena.com\/epicframestudio\/project\/120-sinema-filmi-vfx-breakdown\/\"><img src=\"https:\/\/atropena.com\/epicframestudio\/wp-content\/uploads\/2020\/11\/epicframe-proje-120-FILMI.jpg\"\r\n                                    alt=\"\"><\/a>\r\n                            <div class=\"slider--videos\">\r\n                                <span> <a class=\"popup-video\"\r\n                                        href=\"https:\/\/vimeo.com\/545738841\" tabindex=\"0\"><i\r\n                                            class=\"fas fa-play\"><\/i><\/a><\/span>\r\n                            <\/div>\r\n                        <\/div>\r\n                        <div class=\"project--content\">\r\n                            <h4><a href=\"https:\/\/atropena.com\/epicframestudio\/project\/120-sinema-filmi-vfx-breakdown\/\">120 S\u0130NEMA F\u0130LM\u0130 VFX Breakdown<\/a><\/h4>\r\n                            <p class=\"fw-600\">VFX<\/p>\r\n                        <\/div>\r\n                    <\/div>\r\n                <\/div>\r\n                \t\t\t\t\t\t\t\t\t\t\t\t                <div class=\"col-lg-4 col-md-6 mb-40\">\r\n                    <div class=\"project--block\">\r\n                        <div class=\"project--thumb position-relative fix\">\r\n                            <a href=\"https:\/\/atropena.com\/epicframestudio\/project\/zorbaligi-engelle-zorbalik-simdi-cevrimici\/\"><img src=\"https:\/\/atropena.com\/epicframestudio\/wp-content\/uploads\/2020\/11\/epicframe-proje-zorbaligi-engelle.jpg\"\r\n                                    alt=\"\"><\/a>\r\n                            <div class=\"slider--videos\">\r\n                                <span> <a class=\"popup-video\"\r\n                                        href=\"https:\/\/vimeo.com\/545740928\" tabindex=\"0\"><i\r\n                                            class=\"fas fa-play\"><\/i><\/a><\/span>\r\n                            <\/div>\r\n                        <\/div>\r\n                        <div class=\"project--content\">\r\n                            <h4><a href=\"https:\/\/atropena.com\/epicframestudio\/project\/zorbaligi-engelle-zorbalik-simdi-cevrimici\/\">Zorbal\u0131\u011f\u0131 Engelle &#8211; Zorbal\u0131k \u015e\u0130md\u0130 \u00c7evr\u0130m\u0130\u00e7\u0130<\/a><\/h4>\r\n                            <p class=\"fw-600\">KAMU SPOTU<\/p>\r\n                        <\/div>\r\n                    <\/div>\r\n                <\/div>\r\n                \t\t\t\t\t\t\t\t\t\t\t\t                <div class=\"col-lg-4 col-md-6 mb-40\">\r\n                    <div class=\"project--block\">\r\n                        <div class=\"project--thumb position-relative fix\">\r\n                            <a href=\"https:\/\/atropena.com\/epicframestudio\/project\/salcano-reklam-filmi\/\"><img src=\"https:\/\/atropena.com\/epicframestudio\/wp-content\/uploads\/2020\/11\/SALCANO.png\"\r\n                                    alt=\"\"><\/a>\r\n                            <div class=\"slider--videos\">\r\n                                <span> <a class=\"popup-video\"\r\n                                        href=\"https:\/\/www.youtube.com\/watch?v=GPQh4iHjl5w\" tabindex=\"0\"><i\r\n                                            class=\"fas fa-play\"><\/i><\/a><\/span>\r\n                            <\/div>\r\n                        <\/div>\r\n                        <div class=\"project--content\">\r\n                            <h4><a href=\"https:\/\/atropena.com\/epicframestudio\/project\/salcano-reklam-filmi\/\">SALCANO REKLAM F\u0130LM\u0130<\/a><\/h4>\r\n                            <p class=\"fw-600\">REKLAM F\u0130LM\u0130<\/p>\r\n                        <\/div>\r\n                    <\/div>\r\n                <\/div>\r\n                \t\t\t\t\t\t\t\t\t\t\t\t                <div class=\"col-lg-4 col-md-6 mb-40\">\r\n                    <div class=\"project--block\">\r\n                        <div class=\"project--thumb position-relative fix\">\r\n                            <a href=\"https:\/\/atropena.com\/epicframestudio\/project\/biz-bize-yeteriz-turkiyem\/\"><img src=\"https:\/\/atropena.com\/epicframestudio\/wp-content\/uploads\/2020\/11\/epicframe-proje-biz-bize-yeteriz-turkiyem.jpg\"\r\n                                    alt=\"\"><\/a>\r\n                            <div class=\"slider--videos\">\r\n                                <span> <a class=\"popup-video\"\r\n                                        href=\"https:\/\/vimeo.com\/545738911\" tabindex=\"0\"><i\r\n                                            class=\"fas fa-play\"><\/i><\/a><\/span>\r\n                            <\/div>\r\n                        <\/div>\r\n                        <div class=\"project--content\">\r\n                            <h4><a href=\"https:\/\/atropena.com\/epicframestudio\/project\/biz-bize-yeteriz-turkiyem\/\">B\u0130z B\u0130ze Yeter\u0130z T\u00dcrk\u0130yem<\/a><\/h4>\r\n                            <p class=\"fw-600\">KAMU SPOTU<\/p>\r\n                        <\/div>\r\n                    <\/div>\r\n                <\/div>\r\n                                \r\n\r\n\r\n\r\n            <\/div>\r\n        <\/div>\r\n    <\/section>\r\n \r\n\t\t\t<\/div>\n\t\t\t\t<\/div>\n\t\t\t\t\t\t<\/div>\n\t\t\t\t\t<\/div>\n\t\t<\/div>\n\t\t\t\t\t\t\t\t<\/div>\n\t\t\t\t\t<\/div>\n\t\t<\/section>\n\t\t\t\t\t\t<\/div>\n\t\t\t\t\t\t<\/div>\n\t\t\t\t\t<\/div>\n\t\t","protected":false},"excerpt":{"rendered":"<p>EPIC FRAME PORTFOLIO Anasayfa PORTFOLIO YAVUZ ZAMANIN \u0130SKENDER\u0130 S\u0130NEMA F\u0130LM\u0130 ZORBALIK \u015e\u0130MD\u0130 \u00c7EVR\u0130M\u0130\u00c7\u0130 KAMU SPOTU Yavuz Adaletin K\u0131l\u0131c\u0131 &#8211; VFX VFX Re\u0130s-\u0130 Cumhur Belgesel\u0130 BELGESEL Epicframe ShowReel SHOWREEL TRT Uluslararas\u0131 \u00c7ocuk Medyas\u0131 Konferans\u0131 16 Dec 1995 Awards Movie 120 S\u0130NEMA F\u0130LM\u0130 VFX Breakdown VFX Zorbal\u0131\u011f\u0131 Engelle &#8211; Zorbal\u0131k \u015e\u0130md\u0130 \u00c7evr\u0130m\u0130\u00e7\u0130 16 Dec 1995 Awards Movie [&hellip;]<\/p>\n","protected":false},"author":1,"featured_media":0,"parent":0,"menu_order":0,"comment_status":"closed","ping_status":"closed","template":"page-templates\/movie-01.php","meta":[],"_links":{"self":[{"href":"https:\/\/atropena.com\/epicframestudio\/wp-json\/wp\/v2\/pages\/87"}],"collection":[{"href":"https:\/\/atropena.com\/epicframestudio\/wp-json\/wp\/v2\/pages"}],"about":[{"href":"https:\/\/atropena.com\/epicframestudio\/wp-json\/wp\/v2\/types\/page"}],"author":[{"embeddable":true,"href":"https:\/\/atropena.com\/epicframestudio\/wp-json\/wp\/v2\/users\/1"}],"replies":[{"embeddable":true,"href":"https:\/\/atropena.com\/epicframestudio\/wp-json\/wp\/v2\/comments?post=87"}],"version-history":[{"count":10,"href":"https:\/\/atropena.com\/epicframestudio\/wp-json\/wp\/v2\/pages\/87\/revisions"}],"predecessor-version":[{"id":779,"href":"https:\/\/atropena.com\/epicframestudio\/wp-json\/wp\/v2\/pages\/87\/revisions\/779"}],"wp:attachment":[{"href":"https:\/\/atropena.com\/epicframestudio\/wp-json\/wp\/v2\/media?parent=87"}],"curies":[{"name":"wp","href":"https:\/\/api.w.org\/{rel}","templated":true}]}}