{"id":74,"date":"2020-09-21T09:29:12","date_gmt":"2020-09-21T09:29:12","guid":{"rendered":"https:\/\/shtheme.org\/demosd\/miker\/?page_id=74"},"modified":"2021-05-16T05:35:28","modified_gmt":"2021-05-16T02:35:28","slug":"iletisim","status":"publish","type":"page","link":"https:\/\/atropena.com\/epicframestudio\/iletisim\/","title":{"rendered":"\u0130LET\u0130\u015e\u0130M"},"content":{"rendered":"\t\t<div data-elementor-type=\"wp-page\" data-elementor-id=\"74\" class=\"elementor elementor-74\" data-elementor-settings=\"[]\">\n\t\t\t\t\t\t<div class=\"elementor-inner\">\n\t\t\t\t\t\t\t<div class=\"elementor-section-wrap\">\n\t\t\t\t\t\t\t<section class=\"elementor-section elementor-top-section elementor-element elementor-element-a330182 elementor-section-full_width elementor-section-height-default elementor-section-height-default\" data-id=\"a330182\" data-element_type=\"section\">\n\t\t\t\t\t\t<div class=\"elementor-container elementor-column-gap-no\">\n\t\t\t\t\t\t\t<div class=\"elementor-row\">\n\t\t\t\t\t<div class=\"elementor-column elementor-col-100 elementor-top-column elementor-element elementor-element-384e276\" data-id=\"384e276\" data-element_type=\"column\">\n\t\t\t<div class=\"elementor-column-wrap elementor-element-populated\">\n\t\t\t\t\t\t\t<div class=\"elementor-widget-wrap\">\n\t\t\t\t\t\t<div class=\"elementor-element elementor-element-da6fa83 elementor-align-left elementor-widget elementor-widget-bdevs-banner \" data-id=\"da6fa83\" data-element_type=\"widget\" data-widget_type=\"bdevs-banner .default\">\n\t\t\t\t<div class=\"elementor-widget-container\">\n\t\t\t \r\n<div class=\"page--area page--height pos-relative fix d-flex align-items-center\" data-background=\"http:\/\/atropena.com\/epicframestudio\/wp-content\/uploads\/2021\/05\/iletisim-1.jpg\" data-overlay=\"pure-black\" data-opacity=\"8\">\r\n\t\t        <div class=\"slider--text page--stroke stroke\">\r\n            <span class=\"stroke--title paroller\" data-paroller-factor=\"0.15\" data-paroller-factor-lg=\"0.15\" data-paroller-factor-md=\"0.15\" data-paroller-factor-sm=\"0.15\" data-paroller-type=\"foreground\" data-paroller-direction=\"horizontal\">Epic <br> Frame<\/span>\r\n        <\/div>\r\n        \t\r\n        <div class=\"container\">\r\n            <div class=\"row align-items-center\">\r\n                <div class=\"col-sm-12 text-center\">\r\n                    <div class=\"page--title\">\r\n                        <h1 class=\"white-color fw-700 wow fadeInDown animated\" data-wow-duration=\"1s\" data-wow-delay=\".5s\">\u0130LET\u0130\u015e\u0130M<\/h1>\r\n                    <\/div>\r\n                    <div class=\"breadcrumb-list wow fadeInDown animated\" data-wow-duration=\"1.5s\" data-wow-delay=\".5s\">\r\n                        <ul>\r\n                            <li><a href=\"https:\/\/atropena.com\/epicframestudio\/\">ANASAYFA<\/a><\/li>\r\n                            <li>\u0130LET\u0130\u015e\u0130M<\/li>\r\n                        <\/ul>\r\n                    <\/div>\r\n                <\/div>\r\n            <\/div>\r\n        <\/div>\r\n    <\/div>\r\n\t\t\t<\/div>\n\t\t\t\t<\/div>\n\t\t\t\t\t\t<\/div>\n\t\t\t\t\t<\/div>\n\t\t<\/div>\n\t\t\t\t\t\t\t\t<\/div>\n\t\t\t\t\t<\/div>\n\t\t<\/section>\n\t\t\t\t<section class=\"elementor-section elementor-top-section elementor-element elementor-element-311aa87 elementor-section-full_width elementor-section-height-default elementor-section-height-default\" data-id=\"311aa87\" data-element_type=\"section\">\n\t\t\t\t\t\t<div class=\"elementor-container elementor-column-gap-no\">\n\t\t\t\t\t\t\t<div class=\"elementor-row\">\n\t\t\t\t\t<div class=\"elementor-column elementor-col-100 elementor-top-column elementor-element elementor-element-470e489\" data-id=\"470e489\" data-element_type=\"column\">\n\t\t\t<div class=\"elementor-column-wrap elementor-element-populated\">\n\t\t\t\t\t\t\t<div class=\"elementor-widget-wrap\">\n\t\t\t\t\t\t<div class=\"elementor-element elementor-element-88b75ff elementor-align-left elementor-widget elementor-widget-bdevs-Contact3\" data-id=\"88b75ff\" data-element_type=\"widget\" data-widget_type=\"bdevs-Contact3.default\">\n\t\t\t\t<div class=\"elementor-widget-container\">\n\t\t\t \r\n\t<section class=\"contacts pt-125 pb-100\">\r\n        <div class=\"container\">\r\n            <div class=\"row\">\r\n                <div class=\"col-lg-5 mb-30\">\r\n                    <div class=\"theme\">\r\n                    \t                        <span class=\"theme__small--title theme__small--title-left fw-700 text-uppercase\"><span><\/span>EPIC FRAME<\/span>\r\n                        \t\r\n                                                <h2 class=\"theme__big--title fw-700 mb-25\">F\u0130kr\u0130n\u0130z\u0130 daha da b\u00fcy\u00fck b\u0130r projeye d\u00f6n\u00fc\u015ft\u00fcrel\u0130m<\/h2>\r\n                        \t\r\n                    <\/div>\r\n                    <div class=\"contacts__social\">\r\n                        <ul>\r\n                        \t\t\r\n                                                        <li><a href=\"https:\/\/twitter.com\/epicframe_\"><i class=\"fab fa-twitter\"><\/i><\/a><\/li>\r\n                            \t\r\n                                                        <li><a href=\"https:\/\/www.instagram.com\/epic.frame\/\"><i class=\"fab fa-instagram\"><\/i><\/a><\/li>\r\n                                                                                <\/ul>\r\n                    <\/div>\r\n                <\/div>\r\n                <div class=\"col-lg-6 offset-lg-1 mb-30\">\r\n                    <div class=\"row\">\r\n                    \t                        <div class=\"col-lg-6 col-md-6 mb-40\">\r\n                            <div class=\"contacts__address\">\r\n                            \t                                <i class=\"fal fa-envelope-open\"><\/i>\r\n                                \t\r\n                                                                <h5 class=\"primary-color\">E-ma\u0130l<\/h5>\r\n                                \t\r\n                                                                <h4>epic@epicframe.com<\/h4>\r\n                                                            <\/div>\r\n                        <\/div>\r\n                                                <div class=\"col-lg-6 col-md-6 mb-40\">\r\n                            <div class=\"contacts__address\">\r\n                            \t                                <i class=\"fal fa-phone\"><\/i>\r\n                                \t\r\n                                                                <h5 class=\"primary-color\">Telefon<\/h5>\r\n                                \t\r\n                                                                <h4>+90 539 868 48 94<\/h4>\r\n                                                            <\/div>\r\n                        <\/div>\r\n                                                <div class=\"col-lg-6 col-md-6 mb-40\">\r\n                            <div class=\"contacts__address\">\r\n                            \t                                <i class=\"fal fa-map-marked-alt\"><\/i>\r\n                                \t\r\n                                                                <h5 class=\"primary-color\">Adres<\/h5>\r\n                                \t\r\n                                                                <h4>Altun\u0130zade Mah. Yet\u0130mhane Sokak. \u015e\u0130m\u015fek Apt. No:2\/8, \u00dcSK\u00dcDAR \/ \u0130STANBUL<\/h4>\r\n                                                            <\/div>\r\n                        <\/div>\r\n                                            <\/div>\r\n                <\/div>\r\n            <\/div>\r\n        <\/div>\r\n    <\/section>\r\n\t\t\r\n\t\t\t<\/div>\n\t\t\t\t<\/div>\n\t\t\t\t\t\t<\/div>\n\t\t\t\t\t<\/div>\n\t\t<\/div>\n\t\t\t\t\t\t\t\t<\/div>\n\t\t\t\t\t<\/div>\n\t\t<\/section>\n\t\t\t\t<section class=\"elementor-section elementor-top-section elementor-element elementor-element-0fe367c elementor-section-full_width elementor-section-height-default elementor-section-height-default\" data-id=\"0fe367c\" data-element_type=\"section\">\n\t\t\t\t\t\t<div class=\"elementor-container elementor-column-gap-no\">\n\t\t\t\t\t\t\t<div class=\"elementor-row\">\n\t\t\t\t\t<div class=\"elementor-column elementor-col-100 elementor-top-column elementor-element elementor-element-4d2e711\" data-id=\"4d2e711\" data-element_type=\"column\">\n\t\t\t<div class=\"elementor-column-wrap elementor-element-populated\">\n\t\t\t\t\t\t\t<div class=\"elementor-widget-wrap\">\n\t\t\t\t\t\t<div class=\"elementor-element elementor-element-ac996bd elementor-align-left elementor-widget elementor-widget-bdevs-Contact4\" data-id=\"ac996bd\" data-element_type=\"widget\" data-widget_type=\"bdevs-Contact4.default\">\n\t\t\t\t<div class=\"elementor-widget-container\">\n\t\t\t \r\n\t<section class=\"contact-form-area\">\r\n        <div class=\"container\">\r\n            <div class=\"form-wrapper grey-bg\">\r\n                <div class=\"row align-items-center\">\r\n                    <div class=\"col-sm-12 text-center mb-40\">\r\n                        <div class=\"theme\">\r\n                        \t                            <h2 class=\"black-color mb-15\">MESAJ G\u00d6NDER<\/h2>\r\n                            \t\r\n                                                        <h5 class=\"fw-500 primary-color\">EPIC FRAME<\/h5>\r\n                            \t\r\n                        <\/div>\r\n                    <\/div>\r\n                <\/div>\r\n                <div class=\"contact-form\">\r\n                    <div role=\"form\" class=\"wpcf7\" id=\"wpcf7-f164-o1\" lang=\"en-US\" dir=\"ltr\">\n<div class=\"screen-reader-response\"><p role=\"status\" aria-live=\"polite\" aria-atomic=\"true\"><\/p> <ul><\/ul><\/div>\n<form action=\"\/epicframestudio\/wp-json\/wp\/v2\/pages\/74#wpcf7-f164-o1\" method=\"post\" class=\"wpcf7-form init\" novalidate=\"novalidate\" data-status=\"init\">\n<div style=\"display: none;\">\n<input type=\"hidden\" name=\"_wpcf7\" value=\"164\" \/>\n<input type=\"hidden\" name=\"_wpcf7_version\" value=\"5.4.1\" \/>\n<input type=\"hidden\" name=\"_wpcf7_locale\" value=\"en_US\" \/>\n<input type=\"hidden\" name=\"_wpcf7_unit_tag\" value=\"wpcf7-f164-o1\" \/>\n<input type=\"hidden\" name=\"_wpcf7_container_post\" value=\"0\" \/>\n<input type=\"hidden\" name=\"_wpcf7_posted_data_hash\" value=\"\" \/>\n<\/div>\n<div id=\"contact-form\">\n<div class=\"row\">\n<div class=\"col-lg-6\">\n<div class=\"form-box user-icon mb-30\">\n                <span class=\"wpcf7-form-control-wrap names\"><input type=\"text\" name=\"names\" value=\"\" size=\"40\" class=\"wpcf7-form-control wpcf7-text wpcf7-validates-as-required\" aria-required=\"true\" aria-invalid=\"false\" placeholder=\"Your Name\" \/><\/span>\n            <\/div>\n<\/div>\n<div class=\"col-lg-6\">\n<div class=\"form-box email-icon mb-30\">\n                <span class=\"wpcf7-form-control-wrap email\"><input type=\"email\" name=\"email\" value=\"\" size=\"40\" class=\"wpcf7-form-control wpcf7-text wpcf7-email wpcf7-validates-as-required wpcf7-validates-as-email\" aria-required=\"true\" aria-invalid=\"false\" placeholder=\"Your Email\" \/><\/span>\n            <\/div>\n<\/div>\n<div class=\"col-lg-6\">\n<div class=\"form-box phone-icon mb-30\">\n                <span class=\"wpcf7-form-control-wrap phone\"><input type=\"text\" name=\"phone\" value=\"\" size=\"40\" class=\"wpcf7-form-control wpcf7-text\" aria-invalid=\"false\" placeholder=\"Your Phone\" \/><\/span>\n            <\/div>\n<\/div>\n<div class=\"col-lg-6\">\n<div class=\"form-box subject-icon mb-30\">\n                <span class=\"wpcf7-form-control-wrap subject\"><input type=\"text\" name=\"subject\" value=\"\" size=\"40\" class=\"wpcf7-form-control wpcf7-text\" aria-invalid=\"false\" placeholder=\"Your Subject\" \/><\/span>\n            <\/div>\n<\/div>\n<div class=\"col-lg-12\">\n<div class=\"form-box message-icon mb-30\">\n                <span class=\"wpcf7-form-control-wrap message\"><textarea name=\"message\" cols=\"30\" rows=\"10\" class=\"wpcf7-form-control wpcf7-textarea wpcf7-validates-as-required\" id=\"message\" aria-required=\"true\" aria-invalid=\"false\" placeholder=\"Your Message\"><\/textarea><\/span>\n            <\/div>\n<div class=\"contact-btn text-center\">\n                <input type=\"submit\" value=\"Get Action\" class=\"wpcf7-form-control wpcf7-submit btn btn--theme\" \/>\n            <\/div>\n<\/div>\n<\/div>\n<\/div>\n<div class=\"wpcf7-response-output\" aria-hidden=\"true\"><\/div><\/form><\/div>                    <p class=\"ajax-response text-center\"><\/p>\r\n                <\/div>\r\n            <\/div>\r\n        <\/div>\r\n    <\/section>\r\n\t\t\t<\/div>\n\t\t\t\t<\/div>\n\t\t\t\t\t\t<\/div>\n\t\t\t\t\t<\/div>\n\t\t<\/div>\n\t\t\t\t\t\t\t\t<\/div>\n\t\t\t\t\t<\/div>\n\t\t<\/section>\n\t\t\t\t<section class=\"elementor-section elementor-top-section elementor-element elementor-element-9b3344c elementor-section-full_width elementor-section-height-default elementor-section-height-default\" data-id=\"9b3344c\" data-element_type=\"section\">\n\t\t\t\t\t\t<div class=\"elementor-container elementor-column-gap-no\">\n\t\t\t\t\t\t\t<div class=\"elementor-row\">\n\t\t\t\t\t<div class=\"elementor-column elementor-col-100 elementor-top-column elementor-element elementor-element-7c43622\" data-id=\"7c43622\" data-element_type=\"column\">\n\t\t\t<div class=\"elementor-column-wrap elementor-element-populated\">\n\t\t\t\t\t\t\t<div class=\"elementor-widget-wrap\">\n\t\t\t\t\t\t<div class=\"elementor-element elementor-element-8353e0c elementor-align-left elementor-widget elementor-widget-bdevs-Map\" data-id=\"8353e0c\" data-element_type=\"widget\" data-widget_type=\"bdevs-Map.default\">\n\t\t\t\t<div class=\"elementor-widget-container\">\n\t\t\t \r\n\t<div class=\"map\">\r\n        <div class=\"container-fluid p-0 fix\">\r\n            <div class=\"row\">\r\n                <div class=\"col-sm-12\">\r\n                    <div class=\"contact-map\">\r\n                    \t<iframe src=\"https:\/\/www.google.com\/maps\/embed?pb=!1m14!1m8!1m3!1d6020.632460206611!2d29.040072!3d41.018337!3m2!1i1024!2i768!4f13.1!3m3!1m2!1s0x14cab7f94ba68c4d%3A0x5729cd5e2df4e658!2zQWx0dW5pemFkZSwgWWV0aW1oYW5lIFNrLiBObzoyLCAzNDY2MiDDnHNrw7xkYXIvxLBzdGFuYnVs!5e0!3m2!1str!2str!4v1621132472429!5m2!1str!2str\"\r\n                            style=\"border:0;\" allowfullscreen=\"\" aria-hidden=\"false\" tabindex=\"0\"><\/iframe>\r\n                    \t\r\n                    <\/div>\r\n                <\/div>\r\n            <\/div>\r\n        <\/div>\r\n    <\/div>\r\n\t\t\r\n\t\t\t<\/div>\n\t\t\t\t<\/div>\n\t\t\t\t\t\t<\/div>\n\t\t\t\t\t<\/div>\n\t\t<\/div>\n\t\t\t\t\t\t\t\t<\/div>\n\t\t\t\t\t<\/div>\n\t\t<\/section>\n\t\t\t\t<section class=\"elementor-section elementor-top-section elementor-element elementor-element-29ad9b1 elementor-section-full_width elementor-section-height-default elementor-section-height-default\" data-id=\"29ad9b1\" data-element_type=\"section\">\n\t\t\t\t\t\t<div class=\"elementor-container elementor-column-gap-no\">\n\t\t\t\t\t\t\t<div class=\"elementor-row\">\n\t\t\t\t\t<div class=\"elementor-column elementor-col-100 elementor-top-column elementor-element elementor-element-38b5f3c\" data-id=\"38b5f3c\" data-element_type=\"column\">\n\t\t\t<div class=\"elementor-column-wrap elementor-element-populated\">\n\t\t\t\t\t\t\t<div class=\"elementor-widget-wrap\">\n\t\t\t\t\t\t<div class=\"elementor-element elementor-element-e980aaf elementor-align-left elementor-widget elementor-widget-bdevs-Contact\" data-id=\"e980aaf\" data-element_type=\"widget\" data-widget_type=\"bdevs-Contact.default\">\n\t\t\t\t<div class=\"elementor-widget-container\">\n\t\t\t \r\n\t<section class=\"contacts contacts--bg footer--border pt-80 pb-50\">\r\n        <div class=\"container\">\r\n            <div class=\"row align-items-center\">\r\n                <div class=\"col-lg-4\">\r\n                    <div class=\"contacts--logo mb-30\">\r\n                        <img src=\"http:\/\/atropena.com\/epicframestudio\/wp-content\/uploads\/2021\/05\/logo-5.png\" alt=\"\">\r\n                    <\/div>\r\n                <\/div>\r\n                <div class=\"col-lg-8\">\r\n                    <div class=\"contacts--address\">\r\n                        <ul>\r\n                            <li><i class=\"fal fa-phone\"><\/i>+90 539 868 48 94<\/li>\r\n                            <li><i class=\"fal fa-envelope-open\"><\/i>epic@epicframe.com<\/li>\r\n                        <\/ul>\r\n                    <\/div>\r\n                <\/div>\r\n            <\/div>\r\n        <\/div>\r\n    <\/section>\r\n\t\t\r\n\t\t\t<\/div>\n\t\t\t\t<\/div>\n\t\t\t\t\t\t<\/div>\n\t\t\t\t\t<\/div>\n\t\t<\/div>\n\t\t\t\t\t\t\t\t<\/div>\n\t\t\t\t\t<\/div>\n\t\t<\/section>\n\t\t\t\t\t\t<\/div>\n\t\t\t\t\t\t<\/div>\n\t\t\t\t\t<\/div>\n\t\t","protected":false},"excerpt":{"rendered":"<p>Epic Frame \u0130LET\u0130\u015e\u0130M ANASAYFA \u0130LET\u0130\u015e\u0130M EPIC FRAME F\u0130kr\u0130n\u0130z\u0130 daha da b\u00fcy\u00fck b\u0130r projeye d\u00f6n\u00fc\u015ft\u00fcrel\u0130m E-ma\u0130l epic@epicframe.com Telefon +90 539 868 48 94 Adres Altun\u0130zade Mah. Yet\u0130mhane Sokak. \u015e\u0130m\u015fek Apt. No:2\/8, \u00dcSK\u00dcDAR \/ \u0130STANBUL MESAJ G\u00d6NDER EPIC FRAME +90 539 868 48 94 epic@epicframe.com<\/p>\n","protected":false},"author":1,"featured_media":0,"parent":0,"menu_order":0,"comment_status":"closed","ping_status":"closed","template":"page-templates\/contact.php","meta":[],"_links":{"self":[{"href":"https:\/\/atropena.com\/epicframestudio\/wp-json\/wp\/v2\/pages\/74"}],"collection":[{"href":"https:\/\/atropena.com\/epicframestudio\/wp-json\/wp\/v2\/pages"}],"about":[{"href":"https:\/\/atropena.com\/epicframestudio\/wp-json\/wp\/v2\/types\/page"}],"author":[{"embeddable":true,"href":"https:\/\/atropena.com\/epicframestudio\/wp-json\/wp\/v2\/users\/1"}],"replies":[{"embeddable":true,"href":"https:\/\/atropena.com\/epicframestudio\/wp-json\/wp\/v2\/comments?post=74"}],"version-history":[{"count":16,"href":"https:\/\/atropena.com\/epicframestudio\/wp-json\/wp\/v2\/pages\/74\/revisions"}],"predecessor-version":[{"id":896,"href":"https:\/\/atropena.com\/epicframestudio\/wp-json\/wp\/v2\/pages\/74\/revisions\/896"}],"wp:attachment":[{"href":"https:\/\/atropena.com\/epicframestudio\/wp-json\/wp\/v2\/media?parent=74"}],"curies":[{"name":"wp","href":"https:\/\/api.w.org\/{rel}","templated":true}]}}